{"id":152,"date":"2020-09-09T14:39:28","date_gmt":"2020-09-09T12:39:28","guid":{"rendered":"http:\/\/mzrecords.eu\/index.php\/accueil-english\/"},"modified":"2024-12-13T17:43:52","modified_gmt":"2024-12-13T16:43:52","slug":"accueil-english","status":"publish","type":"page","link":"https:\/\/mzrecords.eu\/index.php\/en\/accueil-english\/","title":{"rendered":"Home &#8211; English"},"content":{"rendered":"\n<p>Welcome on Mz Records Web Site. <\/p>\n\n\n\n<h2 class=\"wp-block-heading\">Musical albums<\/h2>\n\n\n\n<p><\/p>\n\n\n\n<div class=\"wp-block-columns is-layout-flex wp-container-core-columns-is-layout-9d6595d7 wp-block-columns-is-layout-flex\">\n<div class=\"wp-block-column is-layout-flow wp-block-column-is-layout-flow\"><\/div>\n\n\n\n<div class=\"wp-block-column is-layout-flow wp-block-column-is-layout-flow\">\n<figure class=\"wp-block-image size-large\"><img loading=\"lazy\" decoding=\"async\" width=\"1024\" height=\"938\" src=\"https:\/\/mzrecords.eu\/wp-content\/uploads\/2024\/12\/Notes-En-Marge-de-Goemons-Pochette-Face-1-1024x938.jpg\" alt=\"\" class=\"wp-image-937\" srcset=\"https:\/\/mzrecords.eu\/wp-content\/uploads\/2024\/12\/Notes-En-Marge-de-Goemons-Pochette-Face-1-1024x938.jpg 1024w, https:\/\/mzrecords.eu\/wp-content\/uploads\/2024\/12\/Notes-En-Marge-de-Goemons-Pochette-Face-1-300x275.jpg 300w, https:\/\/mzrecords.eu\/wp-content\/uploads\/2024\/12\/Notes-En-Marge-de-Goemons-Pochette-Face-1-768x703.jpg 768w, https:\/\/mzrecords.eu\/wp-content\/uploads\/2024\/12\/Notes-En-Marge-de-Goemons-Pochette-Face-1-1536x1407.jpg 1536w, https:\/\/mzrecords.eu\/wp-content\/uploads\/2024\/12\/Notes-En-Marge-de-Goemons-Pochette-Face-1.jpg 1651w\" sizes=\"auto, (max-width: 1024px) 100vw, 1024px\" \/><figcaption class=\"wp-element-caption\">MAR012 &#8211; Notes en marge de Go\u00ebmons<\/figcaption><\/figure>\n<\/div>\n\n\n\n<div class=\"wp-block-column is-layout-flow wp-block-column-is-layout-flow\">\n<figure class=\"wp-block-image size-large\"><a href=\"https:\/\/mzrecords.eu\/index.php\/en\/mar-011-ecume-de-may\/\" target=\"_blank\" rel=\"noopener noreferrer\"><img loading=\"lazy\" decoding=\"async\" width=\"1024\" height=\"1024\" src=\"https:\/\/mzrecords.eu\/wp-content\/uploads\/2020\/10\/Pochette-Ecume_3000-1024x1024.jpg\" alt=\"\" class=\"wp-image-427\" srcset=\"https:\/\/mzrecords.eu\/wp-content\/uploads\/2020\/10\/Pochette-Ecume_3000-1024x1024.jpg 1024w, https:\/\/mzrecords.eu\/wp-content\/uploads\/2020\/10\/Pochette-Ecume_3000-300x300.jpg 300w, https:\/\/mzrecords.eu\/wp-content\/uploads\/2020\/10\/Pochette-Ecume_3000-150x150.jpg 150w, https:\/\/mzrecords.eu\/wp-content\/uploads\/2020\/10\/Pochette-Ecume_3000-768x768.jpg 768w, https:\/\/mzrecords.eu\/wp-content\/uploads\/2020\/10\/Pochette-Ecume_3000-1536x1536.jpg 1536w, https:\/\/mzrecords.eu\/wp-content\/uploads\/2020\/10\/Pochette-Ecume_3000-2048x2048.jpg 2048w\" sizes=\"auto, (max-width: 1024px) 100vw, 1024px\" \/><\/a><figcaption class=\"wp-element-caption\">MAR011 &#8211; Ecume de Mai<\/figcaption><\/figure>\n<\/div>\n<\/div>\n\n\n\n<div class=\"wp-block-columns is-layout-flex wp-container-core-columns-is-layout-9d6595d7 wp-block-columns-is-layout-flex\">\n<div class=\"wp-block-column is-layout-flow wp-block-column-is-layout-flow\">\n<figure class=\"wp-block-image size-large\"><a href=\"https:\/\/mzrecords.eu\/index.php\/en\/mar06-ookpik-en\/\" target=\"_blank\" rel=\"noopener noreferrer\"><img loading=\"lazy\" decoding=\"async\" width=\"1024\" height=\"916\" src=\"https:\/\/mzrecords.eu\/wp-content\/uploads\/2020\/09\/Ookpik-1024x916.jpg\" alt=\"\" class=\"wp-image-339\" srcset=\"https:\/\/mzrecords.eu\/wp-content\/uploads\/2020\/09\/Ookpik-1024x916.jpg 1024w, https:\/\/mzrecords.eu\/wp-content\/uploads\/2020\/09\/Ookpik-300x268.jpg 300w, https:\/\/mzrecords.eu\/wp-content\/uploads\/2020\/09\/Ookpik-768x687.jpg 768w, https:\/\/mzrecords.eu\/wp-content\/uploads\/2020\/09\/Ookpik.jpg 1100w\" sizes=\"auto, (max-width: 1024px) 100vw, 1024px\" \/><\/a><figcaption class=\"wp-element-caption\">MAR06 &#8211; Ookpik<\/figcaption><\/figure>\n\n\n\n<div class=\"wp-block-columns is-layout-flex wp-container-core-columns-is-layout-9d6595d7 wp-block-columns-is-layout-flex\">\n<div class=\"wp-block-column is-layout-flow wp-block-column-is-layout-flow\"><\/div>\n\n\n\n<div class=\"wp-block-column is-layout-flow wp-block-column-is-layout-flow\"><\/div>\n<\/div>\n<\/div>\n\n\n\n<div class=\"wp-block-column is-layout-flow wp-block-column-is-layout-flow\">\n<figure class=\"wp-block-image size-large\"><a href=\"https:\/\/mzrecords.eu\/index.php\/en\/mar05-carnet-de-croquis-d-un-voyageur-immobile\/\" target=\"_blank\" rel=\"noopener noreferrer\"><img loading=\"lazy\" decoding=\"async\" width=\"1024\" height=\"877\" src=\"https:\/\/mzrecords.eu\/wp-content\/uploads\/2020\/09\/Carnet-de-Croquis-1-1024x877.jpg\" alt=\"\" class=\"wp-image-290\" srcset=\"https:\/\/mzrecords.eu\/wp-content\/uploads\/2020\/09\/Carnet-de-Croquis-1-1024x877.jpg 1024w, https:\/\/mzrecords.eu\/wp-content\/uploads\/2020\/09\/Carnet-de-Croquis-1-300x257.jpg 300w, https:\/\/mzrecords.eu\/wp-content\/uploads\/2020\/09\/Carnet-de-Croquis-1-768x658.jpg 768w, https:\/\/mzrecords.eu\/wp-content\/uploads\/2020\/09\/Carnet-de-Croquis-1-1536x1316.jpg 1536w, https:\/\/mzrecords.eu\/wp-content\/uploads\/2020\/09\/Carnet-de-Croquis-1-2048x1755.jpg 2048w\" sizes=\"auto, (max-width: 1024px) 100vw, 1024px\" \/><\/a><figcaption class=\"wp-element-caption\">MAR05 &#8211; Carnet de Croquis d&rsquo;un Voyageur Immobile<\/figcaption><\/figure>\n<\/div>\n\n\n\n<div class=\"wp-block-column is-layout-flow wp-block-column-is-layout-flow\">\n<figure class=\"wp-block-image size-large\"><a href=\"https:\/\/mzrecords.eu\/index.php\/en\/mar-04-extenzo-2\/\"><img loading=\"lazy\" decoding=\"async\" width=\"1024\" height=\"1024\" src=\"https:\/\/mzrecords.eu\/wp-content\/uploads\/2024\/12\/extenzo-1024x1024.jpg\" alt=\"\" class=\"wp-image-934\" srcset=\"https:\/\/mzrecords.eu\/wp-content\/uploads\/2024\/12\/extenzo-1024x1024.jpg 1024w, https:\/\/mzrecords.eu\/wp-content\/uploads\/2024\/12\/extenzo-300x300.jpg 300w, https:\/\/mzrecords.eu\/wp-content\/uploads\/2024\/12\/extenzo-150x150.jpg 150w, https:\/\/mzrecords.eu\/wp-content\/uploads\/2024\/12\/extenzo-768x768.jpg 768w, https:\/\/mzrecords.eu\/wp-content\/uploads\/2024\/12\/extenzo.jpg 1417w\" sizes=\"auto, (max-width: 1024px) 100vw, 1024px\" \/><\/a><\/figure>\n\n\n\n<p>MAR04 &#8211; Extenz&rsquo;O<\/p>\n<\/div>\n<\/div>\n\n\n\n<div class=\"wp-block-columns is-layout-flex wp-container-core-columns-is-layout-9d6595d7 wp-block-columns-is-layout-flex\">\n<div class=\"wp-block-column is-layout-flow wp-block-column-is-layout-flow\">\n<figure class=\"wp-block-image size-full\"><a href=\"https:\/\/mzrecords.eu\/index.php\/en\/mar-03-christofer-bjurstrom-solo-piano\/\" target=\"_blank\" rel=\"noreferrer noopener\"><img loading=\"lazy\" decoding=\"async\" width=\"1622\" height=\"1469\" src=\"https:\/\/mzrecords.eu\/wp-content\/uploads\/2020\/09\/cd_solo-couverture-ext-1.jpg\" alt=\"\" class=\"wp-image-295\" srcset=\"https:\/\/mzrecords.eu\/wp-content\/uploads\/2020\/09\/cd_solo-couverture-ext-1.jpg 1622w, https:\/\/mzrecords.eu\/wp-content\/uploads\/2020\/09\/cd_solo-couverture-ext-1-300x272.jpg 300w, https:\/\/mzrecords.eu\/wp-content\/uploads\/2020\/09\/cd_solo-couverture-ext-1-1024x927.jpg 1024w, https:\/\/mzrecords.eu\/wp-content\/uploads\/2020\/09\/cd_solo-couverture-ext-1-768x696.jpg 768w, https:\/\/mzrecords.eu\/wp-content\/uploads\/2020\/09\/cd_solo-couverture-ext-1-1536x1391.jpg 1536w\" sizes=\"auto, (max-width: 1622px) 100vw, 1622px\" \/><\/a><figcaption class=\"wp-element-caption\">MAR03 &#8211; Piano solo<\/figcaption><\/figure>\n<\/div>\n\n\n\n<div class=\"wp-block-column is-layout-flow wp-block-column-is-layout-flow\">\n<figure class=\"wp-block-image size-full\"><a href=\"https:\/\/mzrecords.eu\/index.php\/en\/mar-02-duo-bjurstrom-rocher-2\/\" target=\"_blank\" rel=\"noopener noreferrer\"><img loading=\"lazy\" decoding=\"async\" width=\"708\" height=\"709\" src=\"https:\/\/mzrecords.eu\/wp-content\/uploads\/2024\/10\/duo.jpg\" alt=\"\" class=\"wp-image-907\" srcset=\"https:\/\/mzrecords.eu\/wp-content\/uploads\/2024\/10\/duo.jpg 708w, https:\/\/mzrecords.eu\/wp-content\/uploads\/2024\/10\/duo-300x300.jpg 300w, https:\/\/mzrecords.eu\/wp-content\/uploads\/2024\/10\/duo-150x150.jpg 150w\" sizes=\"auto, (max-width: 708px) 100vw, 708px\" \/><\/a><figcaption class=\"wp-element-caption\">MAR02 &#8211; Bjurstr\u00f6m \/ Rocher<\/figcaption><\/figure>\n\n\n\n<p><\/p>\n<\/div>\n\n\n\n<div class=\"wp-block-column is-layout-flow wp-block-column-is-layout-flow\">\n<figure class=\"wp-block-image size-full\"><a href=\"https:\/\/mzrecords.eu\/index.php\/en\/mar-01-on-a-walk-under-the-rain\/\"><img loading=\"lazy\" decoding=\"async\" width=\"705\" height=\"697\" src=\"https:\/\/mzrecords.eu\/wp-content\/uploads\/2020\/11\/sous-la-pluie.jpg\" alt=\"\" class=\"wp-image-483\" srcset=\"https:\/\/mzrecords.eu\/wp-content\/uploads\/2020\/11\/sous-la-pluie.jpg 705w, https:\/\/mzrecords.eu\/wp-content\/uploads\/2020\/11\/sous-la-pluie-300x297.jpg 300w\" sizes=\"auto, (max-width: 705px) 100vw, 705px\" \/><\/a><\/figure>\n\n\n\n<p>MAR01 &#8211; On a march\u00e9 sous la pluie<\/p>\n<\/div>\n<\/div>\n\n\n\n<h2 class=\"wp-block-heading\">Young audience albums<\/h2>\n\n\n\n<div class=\"wp-block-columns is-layout-flex wp-container-core-columns-is-layout-9d6595d7 wp-block-columns-is-layout-flex\">\n<div class=\"wp-block-column is-layout-flow wp-block-column-is-layout-flow\">\n<figure class=\"wp-block-image size-large\"><a href=\"https:\/\/mzrecords.eu\/index.php\/en\/mar-l01-le-voyage-dhipollene-2\/\" target=\"_blank\" rel=\"noopener noreferrer\"><img loading=\"lazy\" decoding=\"async\" width=\"1005\" height=\"1024\" src=\"https:\/\/mzrecords.eu\/wp-content\/uploads\/2020\/09\/Couv-Pochette-Hipollene-red.png\" alt=\"\" class=\"wp-image-306\" srcset=\"https:\/\/mzrecords.eu\/wp-content\/uploads\/2020\/09\/Couv-Pochette-Hipollene-red.png 1005w, https:\/\/mzrecords.eu\/wp-content\/uploads\/2020\/09\/Couv-Pochette-Hipollene-red-294x300.png 294w, https:\/\/mzrecords.eu\/wp-content\/uploads\/2020\/09\/Couv-Pochette-Hipollene-red-768x783.png 768w\" sizes=\"auto, (max-width: 1005px) 100vw, 1005px\" \/><\/a><figcaption class=\"wp-element-caption\">MARL01 &#8211; Le voyage d&rsquo;Hipoll\u00e8ne<\/figcaption><\/figure>\n<\/div>\n\n\n\n<div class=\"wp-block-column is-layout-flow wp-block-column-is-layout-flow\">\n<figure class=\"wp-block-image size-large\"><a href=\"https:\/\/mzrecords.eu\/index.php\/en\/mars-01-the-thief-and-the-princess\/\" target=\"_blank\" rel=\"noopener noreferrer\"><img loading=\"lazy\" decoding=\"async\" width=\"1018\" height=\"1024\" src=\"https:\/\/mzrecords.eu\/wp-content\/uploads\/2020\/07\/Cd-voleur-1018x1024.jpg\" alt=\"\" class=\"wp-image-36\" srcset=\"https:\/\/mzrecords.eu\/wp-content\/uploads\/2020\/07\/Cd-voleur-1018x1024.jpg 1018w, https:\/\/mzrecords.eu\/wp-content\/uploads\/2020\/07\/Cd-voleur-298x300.jpg 298w, https:\/\/mzrecords.eu\/wp-content\/uploads\/2020\/07\/Cd-voleur-150x150.jpg 150w, https:\/\/mzrecords.eu\/wp-content\/uploads\/2020\/07\/Cd-voleur-768x772.jpg 768w, https:\/\/mzrecords.eu\/wp-content\/uploads\/2020\/07\/Cd-voleur.jpg 1464w\" sizes=\"auto, (max-width: 1018px) 100vw, 1018px\" \/><\/a><figcaption class=\"wp-element-caption\">MARS01 &#8211; Le Voleur et la Princesse<\/figcaption><\/figure>\n<\/div>\n\n\n\n<div class=\"wp-block-column is-layout-flow wp-block-column-is-layout-flow\"><\/div>\n<\/div>\n\n\n\n<h2 class=\"wp-block-heading\">Bjurstr\u00f6m Sextet: albums from Le Bon Alouate<\/h2>\n\n\n\n<div class=\"wp-block-columns is-layout-flex wp-container-core-columns-is-layout-9d6595d7 wp-block-columns-is-layout-flex\">\n<div class=\"wp-block-column is-layout-flow wp-block-column-is-layout-flow\">\n<figure class=\"wp-block-image size-full\"><a href=\"https:\/\/mzrecords.eu\/index.php\/en\/lba-c002-sous-letrange-lumiere-des-fantomes-2\/\"><img loading=\"lazy\" decoding=\"async\" width=\"708\" height=\"686\" src=\"https:\/\/mzrecords.eu\/wp-content\/uploads\/2021\/09\/sous-letrange-lumiere.jpg\" alt=\"\" class=\"wp-image-764\" srcset=\"https:\/\/mzrecords.eu\/wp-content\/uploads\/2021\/09\/sous-letrange-lumiere.jpg 708w, https:\/\/mzrecords.eu\/wp-content\/uploads\/2021\/09\/sous-letrange-lumiere-300x291.jpg 300w\" sizes=\"auto, (max-width: 708px) 100vw, 708px\" \/><\/a><figcaption class=\"wp-element-caption\">Bjurstr\u00f6m Sextet: Sous l&rsquo;\u00e9trange Lumi\u00e8re des Fant\u00f4mes<\/figcaption><\/figure>\n<\/div>\n\n\n\n<div class=\"wp-block-column is-layout-flow wp-block-column-is-layout-flow\">\n<figure class=\"wp-block-image size-full\"><a href=\"https:\/\/mzrecords.eu\/index.php\/en\/lbac-001-gently-to-wake-up\/\"><img loading=\"lazy\" decoding=\"async\" width=\"716\" height=\"686\" src=\"https:\/\/mzrecords.eu\/wp-content\/uploads\/2021\/09\/doucement-au-reveil.jpg\" alt=\"\" class=\"wp-image-765\" srcset=\"https:\/\/mzrecords.eu\/wp-content\/uploads\/2021\/09\/doucement-au-reveil.jpg 716w, https:\/\/mzrecords.eu\/wp-content\/uploads\/2021\/09\/doucement-au-reveil-300x287.jpg 300w\" sizes=\"auto, (max-width: 716px) 100vw, 716px\" \/><\/a><figcaption class=\"wp-element-caption\">Bjurstr\u00f6m Sextet: Doucement au R\u00e9veil<\/figcaption><\/figure>\n<\/div>\n\n\n\n<div class=\"wp-block-column is-layout-flow wp-block-column-is-layout-flow\"><\/div>\n<\/div>\n\n\n\n<p>Mz Records (previously named Marmouzic) was created in 2000 to support the musical works of Christofer Bjurstr\u00f6m and Christophe Rocher. The label publishes musical albums and albums for younger audiences (from Compagnie Marmouzic). Now it supports mainly Christofer Bjurstr\u00f6m&rsquo;s and Cie Marmouzic&rsquo;s albums, but it is open to other musicians.<\/p>\n\n\n\n<p><\/p>\n\n\n\n<p>The records are sold on website  <a rel=\"noreferrer noopener\" href=\"https:\/\/www.lesallumesdujazz.com\/e-boutique-recherche.html?5f589bd67452d\" target=\"_blank\">Les Allum\u00e9s du Jazz<\/a><\/p>\n\n\n\n<p>You will also find them on <a rel=\"noreferrer noopener\" href=\"https:\/\/mzrecords.bandcamp.com\/\" target=\"_blank\">Mz Records Bandcamp<\/a><\/p>\n","protected":false},"excerpt":{"rendered":"<p>Welcome on Mz Records Web Site. Musical albums MAR04 &#8211; Extenz&rsquo;O MAR01 &#8211; On a march\u00e9 sous la pluie Young audience albums Bjurstr\u00f6m Sextet: albums from Le Bon Alouate Mz Records (previously named Marmouzic) was created in 2000 to support the musical works of Christofer Bjurstr\u00f6m and Christophe Rocher. The label publishes musical albums and [&hellip;]<\/p>\n","protected":false},"author":1,"featured_media":0,"parent":0,"menu_order":0,"comment_status":"closed","ping_status":"closed","template":"","meta":{"footnotes":""},"class_list":["post-152","page","type-page","status-publish","hentry"],"_links":{"self":[{"href":"https:\/\/mzrecords.eu\/index.php\/wp-json\/wp\/v2\/pages\/152","targetHints":{"allow":["GET"]}}],"collection":[{"href":"https:\/\/mzrecords.eu\/index.php\/wp-json\/wp\/v2\/pages"}],"about":[{"href":"https:\/\/mzrecords.eu\/index.php\/wp-json\/wp\/v2\/types\/page"}],"author":[{"embeddable":true,"href":"https:\/\/mzrecords.eu\/index.php\/wp-json\/wp\/v2\/users\/1"}],"replies":[{"embeddable":true,"href":"https:\/\/mzrecords.eu\/index.php\/wp-json\/wp\/v2\/comments?post=152"}],"version-history":[{"count":22,"href":"https:\/\/mzrecords.eu\/index.php\/wp-json\/wp\/v2\/pages\/152\/revisions"}],"predecessor-version":[{"id":939,"href":"https:\/\/mzrecords.eu\/index.php\/wp-json\/wp\/v2\/pages\/152\/revisions\/939"}],"wp:attachment":[{"href":"https:\/\/mzrecords.eu\/index.php\/wp-json\/wp\/v2\/media?parent=152"}],"curies":[{"name":"wp","href":"https:\/\/api.w.org\/{rel}","templated":true}]}}