{"id":174,"date":"2020-09-09T15:04:25","date_gmt":"2020-09-09T13:04:25","guid":{"rendered":"http:\/\/mzrecords.eu\/?page_id=174"},"modified":"2023-05-09T18:05:16","modified_gmt":"2023-05-09T16:05:16","slug":"mar05-carnet-de-croquis-d-un-voyageur-immobile","status":"publish","type":"page","link":"https:\/\/mzrecords.eu\/index.php\/en\/mar05-carnet-de-croquis-d-un-voyageur-immobile\/","title":{"rendered":"MAR 05: Carnet de Croquis d&rsquo;un Voyageur Immobile (Sketchbook of an immobile traveler)"},"content":{"rendered":"\n<div class=\"wp-block-media-text alignwide is-stacked-on-mobile\"><figure class=\"wp-block-media-text__media\"><img loading=\"lazy\" decoding=\"async\" width=\"1024\" height=\"877\" src=\"http:\/\/mzrecords.eu\/wp-content\/uploads\/2020\/07\/Carnet-de-Croquis-1024x877.jpg\" alt=\"\" class=\"wp-image-30 size-full\" srcset=\"https:\/\/mzrecords.eu\/wp-content\/uploads\/2020\/07\/Carnet-de-Croquis-1024x877.jpg 1024w, https:\/\/mzrecords.eu\/wp-content\/uploads\/2020\/07\/Carnet-de-Croquis-300x257.jpg 300w, https:\/\/mzrecords.eu\/wp-content\/uploads\/2020\/07\/Carnet-de-Croquis-768x658.jpg 768w, https:\/\/mzrecords.eu\/wp-content\/uploads\/2020\/07\/Carnet-de-Croquis-1536x1316.jpg 1536w, https:\/\/mzrecords.eu\/wp-content\/uploads\/2020\/07\/Carnet-de-Croquis-2048x1755.jpg 2048w\" sizes=\"auto, (max-width: 1024px) 100vw, 1024px\" \/><\/figure><div class=\"wp-block-media-text__content\">\n<p class=\"has-small-font-size\"><strong>Christofer Bjurstrom<\/strong>: piano, flutes and composition<\/p>\n\n\n\n<p class=\"has-small-font-size\">C\u00e9cile Girard, (cello), Jean-Claude Asselin (mandolin), G\u00e9rard Bouquin (bass), Samuel Ma\u00eetre (bass clarinet), Fran\u00e7ois Malet (drums and percussion), Daniel Palomo-Vinuesa (baritone saxophone and electronic processing), Nicolas Pointard (drums), Christophe Rocher (clarinet and bass clarinet), Pierre Stephan (violin)<\/p>\n\n\n\n<p><\/p>\n\n\n\n<p>Recorded in June 2008 at Studio Guimick, Yerres, by Sylvain Th\u00e9venard<\/p>\n\n\n\n<p><\/p>\n\n\n\n<div class=\"wp-block-buttons is-layout-flex wp-block-buttons-is-layout-flex\">\n<div class=\"wp-block-button is-style-fill\"><a class=\"wp-block-button__link has-cyan-bluish-gray-background-color has-background wp-element-button\" href=\"https:\/\/www.lesallumesdujazz.com\/e-boutique\/carnet-de-croquis-d-un-voyageur-immobile\/WFFHb1FoR3ZhZ0xsWXFrSWRJblNsQT09\" target=\"_blank\" rel=\"noreferrer noopener\">Order on Allum\u00e9s du Jazz website<\/a><\/div>\n\n\n\n<div class=\"wp-block-button\"><a class=\"wp-block-button__link has-cyan-bluish-gray-background-color has-background wp-element-button\" href=\"https:\/\/mzrecords.bandcamp.com\/music\" target=\"_blank\" rel=\"noreferrer noopener\">Order on Bandcamp<\/a><\/div>\n<\/div>\n\n\n\n<p><\/p>\n<\/div><\/div>\n\n\n\n<p><\/p>\n\n\n\n<p>After having in a previous album exposed his solitary exploration of the piano, Christofer Bjurstrom wanted to share a journey in the sounds and atmospheres of the many musics he wrote for silent cinema.<\/p>\n\n\n\n<p><\/p>\n\n\n\n<p><em>\u00ab\u00a0These musics were all born from encounters with silent films from the beginning of the 20th century. Many different \u00ab\u00a0colors\u00a0\u00bb associated to many instrumental combinations. In the end, these wanderings in these different universes gave me the feeling of being one of those travelers traveling the world, his sketchbook in hand: beyond the apparent diversity of the places crossed, the sketches reveal as much the look that has been placed on the place as the atmosphere lived. This album was born from the desire to share this musical journey and these encounters with the musicians who accompanied me throughout this \u00ab\u00a0wandering\u00a0\u00bb&#8230;..&nbsp;\u00bb<\/em><\/p>\n\n\n\n<p><\/p>\n\n\n\n<p>For this album, there is no fixed band, but several musical formations depending on the songs. The diversity of atmospheres depends on the diversity of timbres, and interactions between musicians. Several formations, several atmospheres, but the same look.<\/p>\n\n\n\n<p>The ten musicians who participate in the recording are among the companions to whom Christofer Bjurstrom is faithful.<\/p>\n\n\n\n<p>We meet musicians from the Breton scene and others from elsewhere, met over the scenes, over the course of the creations&#8230;<\/p>\n\n\n\n<p>The number of musicians, the diversity of the instruments summoned, the variety of timbres and colours of Christofer Bjurstrom&rsquo;s musical compositions make this phonographic production a series of animated and pictorial journeys.<\/p>\n\n\n\n<p><\/p>\n\n\n\n<h2 class=\"wp-block-heading\">Listen to excerpts:<\/h2>\n\n\n\n<iframe loading=\"lazy\" scrolling=\"no\" allow=\"autoplay\" src=\"https:\/\/w.soundcloud.com\/player\/?url=https%3A\/\/api.soundcloud.com\/tracks\/454684737&amp;color=%23ff5500&amp;auto_play=false&amp;hide_related=false&amp;show_comments=true&amp;show_user=true&amp;show_reposts=false&amp;show_teaser=true&amp;visual=true\" width=\"50%\" height=\"150\" frameborder=\"no\"><\/iframe><div style=\"font-size: 10px; color: #cccccc;line-break: anywhere;word-break: normal;overflow: hidden;white-space: nowrap;text-overflow: ellipsis; font-family: Interstate,Lucida Grande,Lucida Sans Unicode,Lucida Sans,Garuda,Verdana,Tahoma,sans-serif;font-weight: 100;\"><a href=\"https:\/\/soundcloud.com\/user-323714484\" title=\"Christofer Bjurstr\u00f6m\" target=\"_blank\" style=\"color: #cccccc; text-decoration: none;\" rel=\"noopener noreferrer\">Christofer Bjurstr\u00f6m<\/a> \u00b7 <a href=\"https:\/\/soundcloud.com\/user-323714484\/perdu-davance\" title=\"Perdu D'avance\" target=\"_blank\" style=\"color: #cccccc; text-decoration: none;\" rel=\"noopener noreferrer\">Perdu D&rsquo;avance<\/a><\/div>\n\n\n\n<iframe loading=\"lazy\" scrolling=\"no\" allow=\"autoplay\" src=\"https:\/\/w.soundcloud.com\/player\/?url=https%3A\/\/api.soundcloud.com\/tracks\/454684800&amp;color=%23ff5500&amp;auto_play=false&amp;hide_related=false&amp;show_comments=true&amp;show_user=true&amp;show_reposts=false&amp;show_teaser=true&amp;visual=true\" width=\"50%\" height=\"150\" frameborder=\"no\"><\/iframe><div style=\"font-size: 10px; color: #cccccc;line-break: anywhere;word-break: normal;overflow: hidden;white-space: nowrap;text-overflow: ellipsis; font-family: Interstate,Lucida Grande,Lucida Sans Unicode,Lucida Sans,Garuda,Verdana,Tahoma,sans-serif;font-weight: 100;\"><a href=\"https:\/\/soundcloud.com\/user-323714484\" title=\"Christofer Bjurstr\u00f6m\" target=\"_blank\" style=\"color: #cccccc; text-decoration: none;\" rel=\"noopener noreferrer\">Christofer Bjurstr\u00f6m<\/a> \u00b7 <a href=\"https:\/\/soundcloud.com\/user-323714484\/avant-de-commencer\" title=\"Avant De Commencer\" target=\"_blank\" style=\"color: #cccccc; text-decoration: none;\" rel=\"noopener noreferrer\">Avant De Commencer<\/a><\/div>\n\n\n\n<iframe loading=\"lazy\" scrolling=\"no\" allow=\"autoplay\" src=\"https:\/\/w.soundcloud.com\/player\/?url=https%3A\/\/api.soundcloud.com\/tracks\/454684296&amp;color=%23ff5500&amp;auto_play=false&amp;hide_related=false&amp;show_comments=true&amp;show_user=true&amp;show_reposts=false&amp;show_teaser=true&amp;visual=true\" width=\"50%\" height=\"150\" frameborder=\"no\"><\/iframe><div style=\"font-size: 10px; color: #cccccc;line-break: anywhere;word-break: normal;overflow: hidden;white-space: nowrap;text-overflow: ellipsis; font-family: Interstate,Lucida Grande,Lucida Sans Unicode,Lucida Sans,Garuda,Verdana,Tahoma,sans-serif;font-weight: 100;\"><a href=\"https:\/\/soundcloud.com\/user-323714484\" title=\"Christofer Bjurstr\u00f6m\" target=\"_blank\" style=\"color: #cccccc; text-decoration: none;\" rel=\"noopener noreferrer\">Christofer Bjurstr\u00f6m<\/a> \u00b7 <a href=\"https:\/\/soundcloud.com\/user-323714484\/sa-lente-danse-de-chrysalide\" title=\"Sa Lente Danse De Chrysalide\" target=\"_blank\" style=\"color: #cccccc; text-decoration: none;\" rel=\"noopener noreferrer\">Sa Lente Danse De Chrysalide<\/a><\/div>\n\n\n\n<h2 class=\"wp-block-heading\">What the press said<\/h2>\n\n\n\n<p><em>\u00ab\u00a0&#8230;One can listen to the record with a rare pleasure, for the musicians offer their impressions, their percpetions and their wishes. They reveal themselves to offer a work characterizdd with a rare intelligence. To tell the trut, live music for silent movies has always attracted me with its way of melting two diffrent forms of artistic expression. Carnet de croquis d\u2019un voyageur immobile gives me (again) the urge to follow on live concerts the reinterpretation Christofer proposes. The musicians around him give to these old reels from our heritageme not only a sound but also a color\u00a0\u00bb.<\/em><\/p>\n\n\n\n<p><strong>S\u00e9bastien Moig, Maxoe &#8211; 04\/2011<\/strong><\/p>\n\n\n\n<p><em>\u00ab\u00a0.. these musics are always surprising and have a constant charm with their diversity, their humour, tenderness and their ingenious combination of false ingenuousness and real mischief. One may think of Willem Breuker&rsquo;s music for the films of Van Der Keuken, with more fine details.\u00a0\u00bb<\/em><\/p>\n\n\n\n<p><strong>Franck Bergerot, Jazz Magazine \u2013 09\/2010<\/strong><\/p>\n\n\n\n<p><em>These twenty one \u00ab\u00a0traveling\u00a0\u00bb musics, born from traces and impressions from conversations with silent movies frome the beginning of the 20th century, have an extraordinary energy and variety of colours.<\/em><\/p>\n\n\n\n<p><strong>Francis G\u00e9rimont. L&rsquo;Education Musicale, n\u00b0 566<\/strong><\/p>\n","protected":false},"excerpt":{"rendered":"<p>After having in a previous album exposed his solitary exploration of the piano, Christofer Bjurstrom wanted to share a journey in the sounds and atmospheres of the many musics he wrote for silent cinema. \u00ab\u00a0These musics were all born from encounters with silent films from the beginning of the 20th century. Many different \u00ab\u00a0colors\u00a0\u00bb associated [&hellip;]<\/p>\n","protected":false},"author":1,"featured_media":0,"parent":0,"menu_order":0,"comment_status":"closed","ping_status":"closed","template":"","meta":{"footnotes":""},"class_list":["post-174","page","type-page","status-publish","hentry"],"_links":{"self":[{"href":"https:\/\/mzrecords.eu\/index.php\/wp-json\/wp\/v2\/pages\/174","targetHints":{"allow":["GET"]}}],"collection":[{"href":"https:\/\/mzrecords.eu\/index.php\/wp-json\/wp\/v2\/pages"}],"about":[{"href":"https:\/\/mzrecords.eu\/index.php\/wp-json\/wp\/v2\/types\/page"}],"author":[{"embeddable":true,"href":"https:\/\/mzrecords.eu\/index.php\/wp-json\/wp\/v2\/users\/1"}],"replies":[{"embeddable":true,"href":"https:\/\/mzrecords.eu\/index.php\/wp-json\/wp\/v2\/comments?post=174"}],"version-history":[{"count":16,"href":"https:\/\/mzrecords.eu\/index.php\/wp-json\/wp\/v2\/pages\/174\/revisions"}],"predecessor-version":[{"id":857,"href":"https:\/\/mzrecords.eu\/index.php\/wp-json\/wp\/v2\/pages\/174\/revisions\/857"}],"wp:attachment":[{"href":"https:\/\/mzrecords.eu\/index.php\/wp-json\/wp\/v2\/media?parent=174"}],"curies":[{"name":"wp","href":"https:\/\/api.w.org\/{rel}","templated":true}]}}