{"id":18,"date":"2020-07-28T15:29:06","date_gmt":"2020-07-28T13:29:06","guid":{"rendered":"http:\/\/mzrecords.eu\/?page_id=18"},"modified":"2023-05-09T18:22:08","modified_gmt":"2023-05-09T16:22:08","slug":"mar-02-christofer-bjurstrom-piano-solo","status":"publish","type":"page","link":"https:\/\/mzrecords.eu\/index.php\/mar-02-christofer-bjurstrom-piano-solo\/","title":{"rendered":"MAR 03: Christofer Bjurstr\u00f6m Piano Solo"},"content":{"rendered":"\n<div class=\"wp-block-media-text alignwide is-stacked-on-mobile\"><figure class=\"wp-block-media-text__media\"><img loading=\"lazy\" decoding=\"async\" width=\"1024\" height=\"927\" src=\"https:\/\/mzrecords.eu\/wp-content\/uploads\/2020\/09\/cd_solo-couverture-ext-1024x927.jpg\" alt=\"\" class=\"wp-image-293 size-full\" srcset=\"https:\/\/mzrecords.eu\/wp-content\/uploads\/2020\/09\/cd_solo-couverture-ext-1024x927.jpg 1024w, https:\/\/mzrecords.eu\/wp-content\/uploads\/2020\/09\/cd_solo-couverture-ext-300x272.jpg 300w, https:\/\/mzrecords.eu\/wp-content\/uploads\/2020\/09\/cd_solo-couverture-ext-768x696.jpg 768w, https:\/\/mzrecords.eu\/wp-content\/uploads\/2020\/09\/cd_solo-couverture-ext-1536x1391.jpg 1536w, https:\/\/mzrecords.eu\/wp-content\/uploads\/2020\/09\/cd_solo-couverture-ext.jpg 1622w\" sizes=\"auto, (max-width: 1024px) 100vw, 1024px\" \/><\/figure><div class=\"wp-block-media-text__content\">\n<p class=\"has-normal-font-size\">Christofer Bjurstr\u00f6m: piano<\/p>\n\n\n\n<p><\/p>\n\n\n\n<p><\/p>\n\n\n\n<p>Enregistr\u00e9 en 2005 au Studio La Buissonne, Pernes-Les-Fontaines, par Sylvain Th\u00e9venard<\/p>\n\n\n\n<p><\/p>\n\n\n\n<div class=\"wp-block-buttons is-layout-flex wp-block-buttons-is-layout-flex\">\n<div class=\"wp-block-button\"><a class=\"wp-block-button__link has-cyan-bluish-gray-background-color has-background wp-element-button\" href=\"https:\/\/www.lesallumesdujazz.com\/e-boutique\/piano\/NjFrUDROTm1TQWFpODZNNmloNThzZz09\" target=\"_blank\" rel=\"noreferrer noopener\">Commander sur le site des Allum\u00e9s du Jazz<\/a><\/div>\n<\/div>\n\n\n\n<div class=\"wp-block-buttons is-layout-flex wp-block-buttons-is-layout-flex\">\n<div class=\"wp-block-button\"><a class=\"wp-block-button__link has-cyan-bluish-gray-background-color has-background wp-element-button\" href=\"https:\/\/mzrecords.bandcamp.com\/\" target=\"_blank\" rel=\"noreferrer noopener\">Commander ou t\u00e9l\u00e9charger sur Bandcamp<\/a><\/div>\n<\/div>\n<\/div><\/div>\n\n\n\n<p><\/p>\n\n\n\n<p>Pianiste su\u00e9dois et compositeur f\u00e9cond, Christofer Bjurstr\u00f6m met \u00e0 nu son univers musical dans un r\u00e9pertoire en piano solo.<\/p>\n\n\n\n<p>La toile de fond de cette musique est bien le silence. Sur ce silence, Christofer Bjurstr\u00f6m suspend les couleurs de son piano comme des touches de peinture\u2026.<\/p>\n\n\n\n<p>Un paysage na\u00eet alors.<\/p>\n\n\n\n<p>On en saisit le relief, les plans, les ar\u00eates, les gouffres, les lointains ; cette g\u00e9ographie musicale est celle d&rsquo;un artiste qui refait le monde de mani\u00e8re physique, \u00e0 l&rsquo;aide des sons.<\/p>\n\n\n\n<p>Chaque note claque, rebondit, et vient caresser nos tympans\u2026. ou parfois les bousculer. Comme un souffle, parfois un vent ou une temp\u00eate, qui nous envahit et qui descend vers notre \u00e2me\u2026 pour nous exaucer ou nous \u00ab d\u00e9coiffer \u00bb.<\/p>\n\n\n\n<p>Une bouleversante contemplation, au carrefour du contemporain, de l\u2019improvisation et du jazz.<\/p>\n\n\n\n<div class=\"wp-block-columns is-layout-flex wp-container-core-columns-is-layout-9d6595d7 wp-block-columns-is-layout-flex\">\n<div class=\"wp-block-column is-layout-flow wp-block-column-is-layout-flow\">\n<h2 class=\"wp-block-heading\">Ce qu&rsquo;en a dit la presse<\/h2>\n\n\n\n<p><em>\u00ab\u00a0Chaque note semble m\u00fbrement r\u00e9fl\u00e9chie et pos\u00e9e avec soin, conf\u00e9rant \u00e0 ce disque une ambiance tr\u00e8s particuli\u00e8re&#8230;il est ici question de solitude&#8230;., d&rsquo;impressionnisme&#8230;., d&rsquo;introspection&#8230;.. Disque d&rsquo;\u00e9moi? Non, mais disque d&rsquo;\u00e9motions.\u00a0\u00bb <\/em>(Patrick Pommier, Jazz Magazine, f\u00e9vrier 2007)<br><br> <em>\u00ab\u00a0&#8230;des r\u00e9cits musicaux de voyages exhum\u00e9s du blanc de la m\u00e9moire, des histoires d&rsquo;amour, d&rsquo;insondables regards d&rsquo;enfants, des brins d&rsquo;espoir d&rsquo;un monde enfin meilleur&#8230;autant de petits refrains translucides et obs\u00e9dants, savants ou sensuels, d&rsquo;un homme qui frotte son \u00e2me au piano depuis toujours.\u00a0\u00bb <\/em>(Jean-Luc Germain, Le T\u00e9l\u00e9gramme, 11 janvier 2007)<br><br> <em>\u00ab\u00a0Avec ce nouveau disque en solo, Christofer Bjurstr\u00f6m s\u2019impose discr\u00e8tement comme un des pianistes les plus passionnants du moment&#8230;&#8230; Ce pianiste joue avec le coeur et cette sensibilit\u00e9 se d\u00e9voile lentement au fil de l\u2019\u00e9coute\u00a0\u00bb <\/em>(Chronique du disque solo en ligne sur Culturejazz.net :<a href=\"http:\/\/culturejazz2.free.fr\/spip.php?article131\">article cultureJazz d\u00e9cembre2006<\/a> <br><br><em>\u00a0\u00bb Tout aussi d\u00e9licat, mais en plus personnel et en nuances, le solo de Christofer Bjurstr\u00f6m a s\u00e9duit par sa facult\u00e9 \u00e0 naviguer entre le classique et le jazz, \u00e0 passer d&rsquo;un morceau en forme de sonate (magnifique \u00a0\u00bb Sur un fil\u00a0\u00bb en ouverture) \u00e0 un jazz plus enlev\u00e9. La note la plus cr\u00e9ative de la soir\u00e9e. \u00a0\u00bb <\/em>(Concert Jazz en sc\u00e8ne, Piano solo Christofer Bjurstr\u00f6m Ouest-France d\u00e9c 2003) <br><br><em>\u00a0\u00bb Le musicien exploite \u00e0 merveille son go\u00fbt pour la musique classique \u00e0 travers de subtiles balades jou\u00e9es avec une \u00e9conomie des notes et un sens de l&rsquo;harmonie qui vous file des frissons de plaisir\u00a0\u00bb <\/em>(Concert Jazz en sc\u00e8ne, Piano solo Christofer Bjurstr\u00f6m, Le T\u00e9l\u00e9gramme, d\u00e9cembre 2003 )<\/p>\n<\/div>\n\n\n\n<div class=\"wp-block-column is-layout-flow wp-block-column-is-layout-flow\">\n<h2 class=\"wp-block-heading\">Ecouter des extraits<\/h2>\n\n\n\n<iframe loading=\"lazy\" scrolling=\"no\" allow=\"autoplay\" src=\"https:\/\/w.soundcloud.com\/player\/?url=https%3A\/\/api.soundcloud.com\/tracks\/454665375&amp;color=%23ff5500&amp;auto_play=false&amp;hide_related=false&amp;show_comments=true&amp;show_user=true&amp;show_reposts=false&amp;show_teaser=true&amp;visual=true\" width=\"100%\" height=\"150\" frameborder=\"no\"><\/iframe><div style=\"font-size: 10px; color: #cccccc;line-break: anywhere;word-break: normal;overflow: hidden;white-space: nowrap;text-overflow: ellipsis; font-family: Interstate,Lucida Grande,Lucida Sans Unicode,Lucida Sans,Garuda,Verdana,Tahoma,sans-serif;font-weight: 100;\"><a href=\"https:\/\/soundcloud.com\/user-323714484\" title=\"Christofer Bjurstr\u00f6m\" target=\"_blank\" style=\"color: #cccccc; text-decoration: none;\" rel=\"noopener noreferrer\">Christofer Bjurstr\u00f6m<\/a> \u00b7 <a href=\"https:\/\/soundcloud.com\/user-323714484\/la-clarte-de-ton-regard\" title=\"La Clart\u00e9 De Ton Regard\" target=\"_blank\" style=\"color: #cccccc; text-decoration: none;\" rel=\"noopener noreferrer\">La Clart\u00e9 De Ton Regard<\/a><\/div>\n\n\n\n<iframe loading=\"lazy\" scrolling=\"no\" allow=\"autoplay\" src=\"https:\/\/w.soundcloud.com\/player\/?url=https%3A\/\/api.soundcloud.com\/tracks\/454665228&amp;color=%23ff5500&amp;auto_play=false&amp;hide_related=false&amp;show_comments=true&amp;show_user=true&amp;show_reposts=false&amp;show_teaser=true&amp;visual=true\" width=\"100%\" height=\"150\" frameborder=\"no\"><\/iframe><div style=\"font-size: 10px; color: #cccccc;line-break: anywhere;word-break: normal;overflow: hidden;white-space: nowrap;text-overflow: ellipsis; font-family: Interstate,Lucida Grande,Lucida Sans Unicode,Lucida Sans,Garuda,Verdana,Tahoma,sans-serif;font-weight: 100;\"><a href=\"https:\/\/soundcloud.com\/user-323714484\" title=\"Christofer Bjurstr\u00f6m\" target=\"_blank\" style=\"color: #cccccc; text-decoration: none;\" rel=\"noopener noreferrer\">Christofer Bjurstr\u00f6m<\/a> \u00b7 <a href=\"https:\/\/soundcloud.com\/user-323714484\/quelques-pas-vers-loubli\" title=\"Quelques Pas Vers L'oubli\" target=\"_blank\" style=\"color: #cccccc; text-decoration: none;\" rel=\"noopener noreferrer\">Quelques Pas Vers L&rsquo;oubli<\/a><\/div>\n\n\n\n<iframe loading=\"lazy\" scrolling=\"no\" allow=\"autoplay\" src=\"https:\/\/w.soundcloud.com\/player\/?url=https%3A\/\/api.soundcloud.com\/tracks\/454664055&amp;color=%23ff5500&amp;auto_play=false&amp;hide_related=false&amp;show_comments=true&amp;show_user=true&amp;show_reposts=false&amp;show_teaser=true&amp;visual=true\" width=\"100%\" height=\"150\" frameborder=\"no\"><\/iframe><div style=\"font-size: 10px; color: #cccccc;line-break: anywhere;word-break: normal;overflow: hidden;white-space: nowrap;text-overflow: ellipsis; font-family: Interstate,Lucida Grande,Lucida Sans Unicode,Lucida Sans,Garuda,Verdana,Tahoma,sans-serif;font-weight: 100;\"><a href=\"https:\/\/soundcloud.com\/user-323714484\" title=\"Christofer Bjurstr\u00f6m\" target=\"_blank\" style=\"color: #cccccc; text-decoration: none;\" rel=\"noopener noreferrer\">Christofer Bjurstr\u00f6m<\/a> \u00b7 <a href=\"https:\/\/soundcloud.com\/user-323714484\/aube-immobile-1\" title=\"Aube Immobile\" target=\"_blank\" style=\"color: #cccccc; text-decoration: none;\" rel=\"noopener noreferrer\">Aube Immobile<\/a><\/div>\n<\/div>\n<\/div>\n\n\n\n<p><\/p>\n","protected":false},"excerpt":{"rendered":"<p>Pianiste su\u00e9dois et compositeur f\u00e9cond, Christofer Bjurstr\u00f6m met \u00e0 nu son univers musical dans un r\u00e9pertoire en piano solo. La toile de fond de cette musique est bien le silence. Sur ce silence, Christofer Bjurstr\u00f6m suspend les couleurs de son piano comme des touches de peinture\u2026. Un paysage na\u00eet alors. On en saisit le relief, [&hellip;]<\/p>\n","protected":false},"author":1,"featured_media":0,"parent":0,"menu_order":0,"comment_status":"closed","ping_status":"open","template":"","meta":{"footnotes":""},"class_list":["post-18","page","type-page","status-publish","hentry"],"_links":{"self":[{"href":"https:\/\/mzrecords.eu\/index.php\/wp-json\/wp\/v2\/pages\/18","targetHints":{"allow":["GET"]}}],"collection":[{"href":"https:\/\/mzrecords.eu\/index.php\/wp-json\/wp\/v2\/pages"}],"about":[{"href":"https:\/\/mzrecords.eu\/index.php\/wp-json\/wp\/v2\/types\/page"}],"author":[{"embeddable":true,"href":"https:\/\/mzrecords.eu\/index.php\/wp-json\/wp\/v2\/users\/1"}],"replies":[{"embeddable":true,"href":"https:\/\/mzrecords.eu\/index.php\/wp-json\/wp\/v2\/comments?post=18"}],"version-history":[{"count":21,"href":"https:\/\/mzrecords.eu\/index.php\/wp-json\/wp\/v2\/pages\/18\/revisions"}],"predecessor-version":[{"id":871,"href":"https:\/\/mzrecords.eu\/index.php\/wp-json\/wp\/v2\/pages\/18\/revisions\/871"}],"wp:attachment":[{"href":"https:\/\/mzrecords.eu\/index.php\/wp-json\/wp\/v2\/media?parent=18"}],"curies":[{"name":"wp","href":"https:\/\/api.w.org\/{rel}","templated":true}]}}