{"id":2,"date":"2020-07-27T12:12:16","date_gmt":"2020-07-27T10:12:16","guid":{"rendered":"http:\/\/mzrecords.eu\/?page_id=2"},"modified":"2023-06-16T09:53:18","modified_gmt":"2023-06-16T07:53:18","slug":"mar06-ookpik","status":"publish","type":"page","link":"https:\/\/mzrecords.eu\/index.php\/mar06-ookpik\/","title":{"rendered":"MAR 06: Ookpik"},"content":{"rendered":"\n<div class=\"wp-block-media-text alignwide is-stacked-on-mobile\"><figure class=\"wp-block-media-text__media\"><img loading=\"lazy\" decoding=\"async\" width=\"1024\" height=\"916\" src=\"http:\/\/mzrecords.eu\/wp-content\/uploads\/2020\/07\/Ookpik-1024x916.jpg\" alt=\"\" class=\"wp-image-32 size-full\" srcset=\"https:\/\/mzrecords.eu\/wp-content\/uploads\/2020\/07\/Ookpik-1024x916.jpg 1024w, https:\/\/mzrecords.eu\/wp-content\/uploads\/2020\/07\/Ookpik-300x268.jpg 300w, https:\/\/mzrecords.eu\/wp-content\/uploads\/2020\/07\/Ookpik-768x687.jpg 768w, https:\/\/mzrecords.eu\/wp-content\/uploads\/2020\/07\/Ookpik.jpg 1100w\" sizes=\"auto, (max-width: 1024px) 100vw, 1024px\" \/><\/figure><div class=\"wp-block-media-text__content\">\n<p class=\"has-normal-font-size\"><strong>Christofer Bjurstr\u00f6m<\/strong>: piano \/ composition<br><strong>Agn\u00e8s Vesterman<\/strong>: violoncelle<br><strong>Christophe Rocher<\/strong>: clarinettes<br><strong>Fran\u00e7ois Malet<\/strong>: batterie\/ percussions<\/p>\n\n\n\n<p><\/p>\n\n\n\n<p class=\"has-normal-font-size\">Enregistr\u00e9 en mai 2011 par Sylvain Th\u00e9venard au Studio Guimick \u00e0 Yerres<\/p>\n\n\n\n<div class=\"wp-block-buttons is-layout-flex wp-block-buttons-is-layout-flex\">\n<div class=\"wp-block-button\"><a class=\"wp-block-button__link has-cyan-bluish-gray-background-color has-background wp-element-button\" href=\"https:\/\/www.lesallumesdujazz.com\/e-boutique\/ookpik\/ZC9EaVpaYjVoUjVHaDZITUk2MWc2Zz09\" target=\"_blank\" rel=\"noreferrer noopener\">Commander sur le site des Allum\u00e9s du Jazz<\/a><\/div>\n\n\n\n<div class=\"wp-block-button\"><a class=\"wp-block-button__link has-cyan-bluish-gray-background-color has-background wp-element-button\" href=\"https:\/\/mzrecords.bandcamp.com\/\" target=\"_blank\" rel=\"noreferrer noopener\">Commander sur Bandcamp<\/a><\/div>\n\n\n\n<div class=\"wp-block-button\"><a class=\"wp-block-button__link has-cyan-bluish-gray-background-color has-background wp-element-button\" href=\"https:\/\/open.spotify.com\/album\/457QT4gHjPi8p9L26sxsCh\" target=\"_blank\" rel=\"noreferrer noopener\">Ecouter sur Spotify<\/a><\/div>\n\n\n\n<div class=\"wp-block-button\"><a class=\"wp-block-button__link has-cyan-bluish-gray-background-color has-background wp-element-button\" href=\"https:\/\/www.deezer.com\/fr\/album\/438115417\" target=\"_blank\" rel=\"noreferrer noopener\">Ecouter sur Deezer<\/a><\/div>\n<\/div>\n<\/div><\/div>\n\n\n\n<p>Une musique qui joue sur les sonorit\u00e9s, qui joue et se joue des diff\u00e9rentes musiques qui ont impr\u00e9gn\u00e9 nos exp\u00e9riences musicales, qui prend la m\u00e9lodie \u00e0 bras le corps pour l\u2019entra\u00eener dans des chemins d\u00e9tourn\u00e9s, o\u00f9 elle rencontrera des miroirs d\u00e9formants, o\u00f9 elle se perdra dans les brumes ou dans la brousse. Lyrisme certainement, humour et sarcasme pourquoi pas.<\/p>\n\n\n\n<div class=\"wp-block-columns is-layout-flex wp-container-core-columns-is-layout-9d6595d7 wp-block-columns-is-layout-flex\">\n<div class=\"wp-block-column is-layout-flow wp-block-column-is-layout-flow\">\n<h2 class=\"wp-block-heading\">Ecouter des extraits<\/h2>\n\n\n\n<iframe loading=\"lazy\" scrolling=\"no\" allow=\"autoplay\" src=\"https:\/\/w.soundcloud.com\/player\/?url=https%3A\/\/api.soundcloud.com\/tracks\/454672836&amp;color=%23ff5500&amp;auto_play=false&amp;hide_related=false&amp;show_comments=true&amp;show_user=true&amp;show_reposts=false&amp;show_teaser=true&amp;visual=true\" width=\"100%\" height=\"150\" frameborder=\"no\"><\/iframe><div style=\"font-size: 10px; color: #cccccc;line-break: anywhere;word-break: normal;overflow: hidden;white-space: nowrap;text-overflow: ellipsis; font-family: Interstate,Lucida Grande,Lucida Sans Unicode,Lucida Sans,Garuda,Verdana,Tahoma,sans-serif;font-weight: 100;\"><a href=\"https:\/\/soundcloud.com\/user-323714484\" title=\"Christofer Bjurstr\u00f6m\" target=\"_blank\" style=\"color: #cccccc; text-decoration: none;\" rel=\"noopener noreferrer\">Christofer Bjurstr\u00f6m<\/a> \u00b7 <a href=\"https:\/\/soundcloud.com\/user-323714484\/poupee-de-chiffon\" title=\"Poup\u00e9e De Chiffon\" target=\"_blank\" style=\"color: #cccccc; text-decoration: none;\" rel=\"noopener noreferrer\">Poup\u00e9e De Chiffon<\/a><\/div>\n\n\n\n<iframe loading=\"lazy\" scrolling=\"no\" allow=\"autoplay\" src=\"https:\/\/w.soundcloud.com\/player\/?url=https%3A\/\/api.soundcloud.com\/tracks\/454672746&amp;color=%23ff5500&amp;auto_play=false&amp;hide_related=false&amp;show_comments=true&amp;show_user=true&amp;show_reposts=false&amp;show_teaser=true&amp;visual=true\" width=\"100%\" height=\"150\" frameborder=\"no\"><\/iframe><div style=\"font-size: 10px; color: #cccccc;line-break: anywhere;word-break: normal;overflow: hidden;white-space: nowrap;text-overflow: ellipsis; font-family: Interstate,Lucida Grande,Lucida Sans Unicode,Lucida Sans,Garuda,Verdana,Tahoma,sans-serif;font-weight: 100;\"><a href=\"https:\/\/soundcloud.com\/user-323714484\" title=\"Christofer Bjurstr\u00f6m\" target=\"_blank\" style=\"color: #cccccc; text-decoration: none;\" rel=\"noopener noreferrer\">Christofer Bjurstr\u00f6m<\/a> \u00b7 <a href=\"https:\/\/soundcloud.com\/user-323714484\/le-pas-de-lecureuil\" title=\"Le Pas De l'Ecureuil\" target=\"_blank\" style=\"color: #cccccc; text-decoration: none;\" rel=\"noopener noreferrer\">Le Pas De l&rsquo;Ecureuil<\/a><\/div>\n\n\n\n<iframe loading=\"lazy\" scrolling=\"no\" allow=\"autoplay\" src=\"https:\/\/w.soundcloud.com\/player\/?url=https%3A\/\/api.soundcloud.com\/tracks\/454672641&amp;color=%23ff5500&amp;auto_play=false&amp;hide_related=false&amp;show_comments=true&amp;show_user=true&amp;show_reposts=false&amp;show_teaser=true&amp;visual=true\" width=\"100%\" height=\"150\" frameborder=\"no\"><\/iframe><div style=\"font-size: 10px; color: #cccccc;line-break: anywhere;word-break: normal;overflow: hidden;white-space: nowrap;text-overflow: ellipsis; font-family: Interstate,Lucida Grande,Lucida Sans Unicode,Lucida Sans,Garuda,Verdana,Tahoma,sans-serif;font-weight: 100;\"><a href=\"https:\/\/soundcloud.com\/user-323714484\" title=\"Christofer Bjurstr\u00f6m\" target=\"_blank\" style=\"color: #cccccc; text-decoration: none;\" rel=\"noopener noreferrer\">Christofer Bjurstr\u00f6m<\/a> \u00b7 <a href=\"https:\/\/soundcloud.com\/user-323714484\/apres-la-tempete\" title=\"Apr\u00e8s La Temp\u00eate\" target=\"_blank\" style=\"color: #cccccc; text-decoration: none;\" rel=\"noopener noreferrer\">Apr\u00e8s La Temp\u00eate<\/a><\/div>\n<\/div>\n\n\n\n<div class=\"wp-block-column is-layout-flow wp-block-column-is-layout-flow\">\n<h2 class=\"wp-block-heading\">Ce qu&rsquo;en a dit la presse<\/h2>\n\n\n\n<p><em>\u00ab\u00a0Ookpik est le nom que les Inuits donnent \u00e0 la Harfang des neiges, grande chouette blanche de la toundra arctique dont les apparitions sont aussi rares que pr\u00e9cieuses, comme autant de po\u00e9sie vol\u00e9e au ciel. Il en va ainsi du quartet de Christofer Bjurstr\u00f6m et de sa musique, qui partage avec ce rapace nocturne l\u2019\u00e9l\u00e9gance, le raffinement et la discr\u00e9tion.<br>&#8230;&#8230;Limpide et cristalline, la musique sonne de fa\u00e7on tr\u00e8s singuli\u00e8re. S\u2019y conjuguent joie et po\u00e9sie, m\u00e9lodies attachantes et d\u00e9veloppements narratifs.<br>&#8230; Ookpik est un bonheur, une belle balade musicale au cours de laquelle se succ\u00e8dent des tableaux rafra\u00eechissants, petites sc\u00e8nes de vie d\u2019ici ou d\u2019ailleurs.\u00a0\u00bb<\/em> <br>(Olivier Acosta, Citizen Jazz, juillet 2012) <a href=\"http:\/\/www.citizenjazz.com\/Bjurstrom-Quartet.html\">L&rsquo;article d&rsquo;Olivier Acosta dans Citizen Jazz<\/a><em>\u00ab\u00a0<\/em><br><em>&#8230;Avec son Bjurstr\u00f6m Quartet (..), ce voyageur imaginaire aborde des r\u00e9gions planantes o\u00f9 l\u2019\u00e9l\u00e9gie et sa gravit\u00e9 intrins\u00e8que, l\u2019humour et ses ressorts \u00e0 la Buster Keaton, composent une mosa\u00efque sonore envo\u00fbtante. Voici donc un disque profond et de haut vol.\u00a0\u00bb<\/em><br> (Guy Darol, Jazz Magazine, janvier 2012)<em>\u00ab\u00a0<\/em><br><em>..Avant toute chose, c\u2019est une authentique personnalit\u00e9 musicale que nous d\u00e9voile cet Ookpik qui r\u00e9ussit admirablement \u00e0 marier les musiques populaires aux musiques contemporaines et improvis\u00e9es.\u00a0\u00bb<\/em> <br>(Ouest France, janvier 2012)<\/p>\n<\/div>\n<\/div>\n\n\n\n<p><\/p>\n","protected":false},"excerpt":{"rendered":"<p>Une musique qui joue sur les sonorit\u00e9s, qui joue et se joue des diff\u00e9rentes musiques qui ont impr\u00e9gn\u00e9 nos exp\u00e9riences musicales, qui prend la m\u00e9lodie \u00e0 bras le corps pour l\u2019entra\u00eener dans des chemins d\u00e9tourn\u00e9s, o\u00f9 elle rencontrera des miroirs d\u00e9formants, o\u00f9 elle se perdra dans les brumes ou dans la brousse. Lyrisme certainement, humour [&hellip;]<\/p>\n","protected":false},"author":1,"featured_media":0,"parent":0,"menu_order":0,"comment_status":"closed","ping_status":"open","template":"","meta":{"footnotes":""},"class_list":["post-2","page","type-page","status-publish","hentry"],"_links":{"self":[{"href":"https:\/\/mzrecords.eu\/index.php\/wp-json\/wp\/v2\/pages\/2","targetHints":{"allow":["GET"]}}],"collection":[{"href":"https:\/\/mzrecords.eu\/index.php\/wp-json\/wp\/v2\/pages"}],"about":[{"href":"https:\/\/mzrecords.eu\/index.php\/wp-json\/wp\/v2\/types\/page"}],"author":[{"embeddable":true,"href":"https:\/\/mzrecords.eu\/index.php\/wp-json\/wp\/v2\/users\/1"}],"replies":[{"embeddable":true,"href":"https:\/\/mzrecords.eu\/index.php\/wp-json\/wp\/v2\/comments?post=2"}],"version-history":[{"count":23,"href":"https:\/\/mzrecords.eu\/index.php\/wp-json\/wp\/v2\/pages\/2\/revisions"}],"predecessor-version":[{"id":878,"href":"https:\/\/mzrecords.eu\/index.php\/wp-json\/wp\/v2\/pages\/2\/revisions\/878"}],"wp:attachment":[{"href":"https:\/\/mzrecords.eu\/index.php\/wp-json\/wp\/v2\/media?parent=2"}],"curies":[{"name":"wp","href":"https:\/\/api.w.org\/{rel}","templated":true}]}}