{"id":27,"date":"2020-07-28T15:36:26","date_gmt":"2020-07-28T13:36:26","guid":{"rendered":"http:\/\/mzrecords.eu\/?page_id=27"},"modified":"2023-05-09T18:23:56","modified_gmt":"2023-05-09T16:23:56","slug":"mar-04-extenzo","status":"publish","type":"page","link":"https:\/\/mzrecords.eu\/index.php\/mar-04-extenzo\/","title":{"rendered":"MAR 04: Extenz&rsquo;O"},"content":{"rendered":"\n<div class=\"wp-block-media-text alignwide is-stacked-on-mobile\"><figure class=\"wp-block-media-text__media\"><img loading=\"lazy\" decoding=\"async\" width=\"1024\" height=\"1024\" src=\"https:\/\/mzrecords.eu\/wp-content\/uploads\/2020\/09\/extenzo-1024x1024.jpg\" alt=\"\" class=\"wp-image-299 size-full\" srcset=\"https:\/\/mzrecords.eu\/wp-content\/uploads\/2020\/09\/extenzo-1024x1024.jpg 1024w, https:\/\/mzrecords.eu\/wp-content\/uploads\/2020\/09\/extenzo-300x300.jpg 300w, https:\/\/mzrecords.eu\/wp-content\/uploads\/2020\/09\/extenzo-150x150.jpg 150w, https:\/\/mzrecords.eu\/wp-content\/uploads\/2020\/09\/extenzo-768x768.jpg 768w, https:\/\/mzrecords.eu\/wp-content\/uploads\/2020\/09\/extenzo.jpg 1417w\" sizes=\"auto, (max-width: 1024px) 100vw, 1024px\" \/><\/figure><div class=\"wp-block-media-text__content\">\n<p class=\"has-small-font-size\"><strong>Christophe Rocher<\/strong>: clarinettes et tuyaux<br><strong>Olivier Beno\u00eet<\/strong>: guitare<br><strong>Edward Perraud<\/strong>: batterie<\/p>\n\n\n\n<p><\/p>\n\n\n\n<p>Coproduction Marmouzic \/ Le Pannonica \/ IUFM des Pays de Loire septembre 2006<\/p>\n\n\n\n<p>Enregistr\u00e9 par Sylvain Th\u00e9venard<\/p>\n\n\n\n<div class=\"wp-block-buttons is-layout-flex wp-block-buttons-is-layout-flex\">\n<div class=\"wp-block-button\"><a class=\"wp-block-button__link has-cyan-bluish-gray-background-color has-background wp-element-button\" href=\"https:\/\/www.lesallumesdujazz.com\/e-boutique\/extenz-o\/ZEkxZ1IyN09kU1FXSzdDWnFLTTFWdz09\" target=\"_blank\" rel=\"noreferrer noopener\">Commander sur le site des Allum\u00e9s du Jazz<\/a><\/div>\n\n\n\n<div class=\"wp-block-button\"><a class=\"wp-block-button__link has-cyan-bluish-gray-background-color has-background wp-element-button\" href=\"https:\/\/mzrecords.bandcamp.com\/\" target=\"_blank\" rel=\"noreferrer noopener\">Commander sur Bandcamp<\/a><\/div>\n<\/div>\n<\/div><\/div>\n\n\n\n<p>Malaxer la mati\u00e8re sonore, cr\u00e9er un monde instantan\u00e9 en pleine r\u00e9volution permanente.<br>Les rythmes enchev\u00eatr\u00e9s, les sons les plus surprenants, la violence et la douceur se m\u00ealent ;<br>alors na\u00eet une po\u00e9sie musicale sans concession\u2026 Trois histoires sonores et musicales se racontent\u2026<\/p>\n\n\n\n<div class=\"wp-block-columns is-layout-flex wp-container-core-columns-is-layout-9d6595d7 wp-block-columns-is-layout-flex\">\n<div class=\"wp-block-column is-layout-flow wp-block-column-is-layout-flow\" style=\"flex-basis:66.66%\">\n<h2 class=\"wp-block-heading\">Ce qu&rsquo;en a dit la presse<\/h2>\n\n\n\n<p>\u00ab<em> Onze compositions\/improvisations collectives constituent ce premier album du trio Extenz&rsquo;O, et sugg\u00e8rent les unes apr\u00e8s les autres un d\u00e9veloppement. On a vraiment l&rsquo;impression d&rsquo;assister au choc et \u00e0 la fusion de trois univers dans la libert\u00e9 totale de l&rsquo;instant.<\/em> <br><em>Le clarinettiste Christophe Rocher, activiste improvisateur brestois (membre de l&rsquo;Art Ensemble of Brest notamment), le guitariste Olivier Benoit, que l&rsquo;on a pu entendre aux c\u00f4t\u00e9s de Jo\u00eblle L\u00e9andre, Christophe Marguet ou du collectif Circum et le batteur Edward Perraud dont on ne compte plus les multiples projets et apparitions, nous donnent chacun la sensation d&rsquo;aborder un dialogue dans lequel il s&rsquo;agit de d\u00e9finir un propos commun, sans jamais se renier, sans la moindre concession, mais avec un soucis permanent de construction.<\/em><br> <em>Comment d\u00e9crire ce que l&rsquo;on entend ? Peut-\u00eatre peut-on sugg\u00e9rer que l&rsquo;on assiste ici \u00e0 la lente maturation d&rsquo;une musique. Les sons se rencontrent et s&rsquo;organisent au fil des plages pour laisser entendre d&rsquo;\u00e9tonnants tableaux, dans lesquels on pourraient presque visualiser des couleurs et surtout semblent d\u00e9gager une \u00e9trange po\u00e9sie que je serais bien en peine de d\u00e9finir davantage.<\/em> <br><em>Cet album est un bel exemple de ce que peuvent donner de meilleur les musiques improvis\u00e9es de notre temps et je ne peux que vous conseiller de vous le procurer. En plus, c&rsquo;est un bel objet r\u00e9alis\u00e9 avec un soin graphique \u00e9vident\u2026 \u00bb <\/em><br>Pierre Villeret, Macao, novembre 07<br><br> <em>\u00ab Extenz\u2019O : Un groupe chaleureusement recommandable. Pulsations rythmique endiabl\u00e9e de la guitare, sinuosit\u00e9 fac\u00e9tieuse des clarinettes et jaillissement inventif des frottements percussifs y font tr\u00e8s bon m\u00e9nage. \u00bb<\/em> Improjazz, Claude Colpaert, mai 2006<br><br> <em>\u00ab Extenz\u2019O un voyage sonique. Sombre et sobre \u00e0 souhait. Musique dite concr\u00e8te o\u00f9 chaque mouvement oscille entre l\u2019improvisation et la force, entre des bribes de jazz conventionnel et la cacophonie. Entre le free Jazz et l\u2019\u00e9nergie Rock, entre le savoir-faire scolaire et les diversions sonores. Un dialogue improvis\u00e9, une contestation, une revendication. Le bruit et le silence donc la musique, mais la libert\u00e9 d\u2019abord. Et avant tout. \u00bb<\/em> R\u00e9gion 8, Velibor Colic, juin 2006.<\/p>\n<\/div>\n\n\n\n<div class=\"wp-block-column is-layout-flow wp-block-column-is-layout-flow\" style=\"flex-basis:33.33%\">\n<h2 class=\"wp-block-heading\">Ecouter des extraits<\/h2>\n\n\n\n<figure class=\"wp-block-audio\"><audio controls src=\"https:\/\/mzrecords.eu\/wp-content\/uploads\/2020\/11\/Jatropha_I.mp3\"><\/audio><figcaption class=\"wp-element-caption\">Jatropha<\/figcaption><\/figure>\n\n\n\n<figure class=\"wp-block-audio\"><audio controls src=\"https:\/\/mzrecords.eu\/wp-content\/uploads\/2020\/11\/Lettre_verte_II.mp3\"><\/audio><figcaption class=\"wp-element-caption\">Lettre Verte<\/figcaption><\/figure>\n\n\n\n<figure class=\"wp-block-audio\"><audio controls src=\"https:\/\/mzrecords.eu\/wp-content\/uploads\/2020\/11\/Pleur_du_Noir_II.mp3\"><\/audio><figcaption class=\"wp-element-caption\">Pleur du Noir<\/figcaption><\/figure>\n\n\n\n<figure class=\"wp-block-audio\"><audio controls src=\"https:\/\/mzrecords.eu\/wp-content\/uploads\/2020\/11\/Tt_la_fin_II.mp3\"><\/audio><figcaption class=\"wp-element-caption\">T\u00f4t la fin<\/figcaption><\/figure>\n<\/div>\n<\/div>\n\n\n\n<p><\/p>\n\n\n\n<p><\/p>\n","protected":false},"excerpt":{"rendered":"<p>Malaxer la mati\u00e8re sonore, cr\u00e9er un monde instantan\u00e9 en pleine r\u00e9volution permanente.Les rythmes enchev\u00eatr\u00e9s, les sons les plus surprenants, la violence et la douceur se m\u00ealent ;alors na\u00eet une po\u00e9sie musicale sans concession\u2026 Trois histoires sonores et musicales se racontent\u2026 Ce qu&rsquo;en a dit la presse \u00ab Onze compositions\/improvisations collectives constituent ce premier album du [&hellip;]<\/p>\n","protected":false},"author":1,"featured_media":0,"parent":0,"menu_order":0,"comment_status":"closed","ping_status":"closed","template":"","meta":{"footnotes":""},"class_list":["post-27","page","type-page","status-publish","hentry"],"_links":{"self":[{"href":"https:\/\/mzrecords.eu\/index.php\/wp-json\/wp\/v2\/pages\/27","targetHints":{"allow":["GET"]}}],"collection":[{"href":"https:\/\/mzrecords.eu\/index.php\/wp-json\/wp\/v2\/pages"}],"about":[{"href":"https:\/\/mzrecords.eu\/index.php\/wp-json\/wp\/v2\/types\/page"}],"author":[{"embeddable":true,"href":"https:\/\/mzrecords.eu\/index.php\/wp-json\/wp\/v2\/users\/1"}],"replies":[{"embeddable":true,"href":"https:\/\/mzrecords.eu\/index.php\/wp-json\/wp\/v2\/comments?post=27"}],"version-history":[{"count":18,"href":"https:\/\/mzrecords.eu\/index.php\/wp-json\/wp\/v2\/pages\/27\/revisions"}],"predecessor-version":[{"id":874,"href":"https:\/\/mzrecords.eu\/index.php\/wp-json\/wp\/v2\/pages\/27\/revisions\/874"}],"wp:attachment":[{"href":"https:\/\/mzrecords.eu\/index.php\/wp-json\/wp\/v2\/media?parent=27"}],"curies":[{"name":"wp","href":"https:\/\/api.w.org\/{rel}","templated":true}]}}