{"id":35,"date":"2020-07-28T16:03:56","date_gmt":"2020-07-28T14:03:56","guid":{"rendered":"http:\/\/mzrecords.eu\/?page_id=35"},"modified":"2023-05-03T16:10:44","modified_gmt":"2023-05-03T14:10:44","slug":"mars-05-le-voleur-et-la-princesse","status":"publish","type":"page","link":"https:\/\/mzrecords.eu\/index.php\/mars-05-le-voleur-et-la-princesse\/","title":{"rendered":"MARS 01: Le Voleur et la Princesse"},"content":{"rendered":"\n<div class=\"wp-block-media-text alignwide is-stacked-on-mobile\"><figure class=\"wp-block-media-text__media\"><img loading=\"lazy\" decoding=\"async\" width=\"1018\" height=\"1024\" src=\"http:\/\/mzrecords.eu\/wp-content\/uploads\/2020\/07\/Cd-voleur-1018x1024.jpg\" alt=\"\" class=\"wp-image-36 size-full\" srcset=\"https:\/\/mzrecords.eu\/wp-content\/uploads\/2020\/07\/Cd-voleur-1018x1024.jpg 1018w, https:\/\/mzrecords.eu\/wp-content\/uploads\/2020\/07\/Cd-voleur-298x300.jpg 298w, https:\/\/mzrecords.eu\/wp-content\/uploads\/2020\/07\/Cd-voleur-150x150.jpg 150w, https:\/\/mzrecords.eu\/wp-content\/uploads\/2020\/07\/Cd-voleur-768x772.jpg 768w, https:\/\/mzrecords.eu\/wp-content\/uploads\/2020\/07\/Cd-voleur.jpg 1464w\" sizes=\"auto, (max-width: 1018px) 100vw, 1018px\" \/><\/figure><div class=\"wp-block-media-text__content\">\n<p class=\"has-normal-font-size\">Catherine Le Flochmoan: chant<br>Christofer Bjurstr\u00f6m: piano, fl\u00fbtes, composition<br>Fran\u00e7ois Malet: percussions<\/p>\n<\/div><\/div>\n\n\n\n<p>Les chansons du spectacle <a rel=\"noreferrer noopener\" href=\"https:\/\/www.marmouzic.org\/index.php\/le-voleur-et-la-princesse\/\" target=\"_blank\">\u00ab\u00a0Le Voleur et la Princesse\u00a0\u00bb<\/a> de la Compagnie Marmouzic. <\/p>\n\n\n\n<p><\/p>\n","protected":false},"excerpt":{"rendered":"<p>Catherine Le Flochmoan: chantChristofer Bjurstr\u00f6m: piano, fl\u00fbtes, compositionFran\u00e7ois Malet: percussions Les chansons du spectacle \u00ab\u00a0Le Voleur et la Princesse\u00a0\u00bb de la Compagnie Marmouzic.<\/p>\n","protected":false},"author":1,"featured_media":0,"parent":0,"menu_order":0,"comment_status":"closed","ping_status":"closed","template":"","meta":{"footnotes":""},"class_list":["post-35","page","type-page","status-publish","hentry"],"_links":{"self":[{"href":"https:\/\/mzrecords.eu\/index.php\/wp-json\/wp\/v2\/pages\/35","targetHints":{"allow":["GET"]}}],"collection":[{"href":"https:\/\/mzrecords.eu\/index.php\/wp-json\/wp\/v2\/pages"}],"about":[{"href":"https:\/\/mzrecords.eu\/index.php\/wp-json\/wp\/v2\/types\/page"}],"author":[{"embeddable":true,"href":"https:\/\/mzrecords.eu\/index.php\/wp-json\/wp\/v2\/users\/1"}],"replies":[{"embeddable":true,"href":"https:\/\/mzrecords.eu\/index.php\/wp-json\/wp\/v2\/comments?post=35"}],"version-history":[{"count":3,"href":"https:\/\/mzrecords.eu\/index.php\/wp-json\/wp\/v2\/pages\/35\/revisions"}],"predecessor-version":[{"id":420,"href":"https:\/\/mzrecords.eu\/index.php\/wp-json\/wp\/v2\/pages\/35\/revisions\/420"}],"wp:attachment":[{"href":"https:\/\/mzrecords.eu\/index.php\/wp-json\/wp\/v2\/media?parent=35"}],"curies":[{"name":"wp","href":"https:\/\/api.w.org\/{rel}","templated":true}]}}