{"id":38,"date":"2020-07-28T16:10:41","date_gmt":"2020-07-28T14:10:41","guid":{"rendered":"http:\/\/mzrecords.eu\/?page_id=38"},"modified":"2023-05-09T18:13:12","modified_gmt":"2023-05-09T16:13:12","slug":"mar-l01-le-voyage-dhipollene","status":"publish","type":"page","link":"https:\/\/mzrecords.eu\/index.php\/mar-l01-le-voyage-dhipollene\/","title":{"rendered":"MAR L01: Le Voyage d&rsquo;Hipoll\u00e8ne"},"content":{"rendered":"\n<div class=\"wp-block-media-text alignwide is-stacked-on-mobile\"><figure class=\"wp-block-media-text__media\"><img loading=\"lazy\" decoding=\"async\" width=\"1005\" height=\"1024\" src=\"https:\/\/mzrecords.eu\/wp-content\/uploads\/2020\/09\/Couv-Pochette-Hipollene-red.png\" alt=\"\" class=\"wp-image-306 size-full\" srcset=\"https:\/\/mzrecords.eu\/wp-content\/uploads\/2020\/09\/Couv-Pochette-Hipollene-red.png 1005w, https:\/\/mzrecords.eu\/wp-content\/uploads\/2020\/09\/Couv-Pochette-Hipollene-red-294x300.png 294w, https:\/\/mzrecords.eu\/wp-content\/uploads\/2020\/09\/Couv-Pochette-Hipollene-red-768x783.png 768w\" sizes=\"auto, (max-width: 1005px) 100vw, 1005px\" \/><\/figure><div class=\"wp-block-media-text__content\">\n<p class=\"has-small-font-size\"><strong>Catherine Le Flochmoan<\/strong>: conte et chant<br><strong>Christofer Bjurstr\u00f6m<\/strong>: piano, fl\u00fbtes, sanza, santour, composition<br><strong>Fran\u00e7ois Malet<\/strong>: percussions<\/p>\n\n\n\n<p><\/p>\n\n\n\n<p>Publi\u00e9 en 2014<\/p>\n\n\n\n<div class=\"wp-block-buttons is-layout-flex wp-block-buttons-is-layout-flex\">\n<div class=\"wp-block-button\"><a class=\"wp-block-button__link has-cyan-bluish-gray-background-color has-background wp-element-button\" href=\"https:\/\/www.lesallumesdujazz.com\/e-boutique\/le-voyage-d-hipollene-l-arbre-sans-fin-de-claude-ponti\/VjZqSEY4NW90d2J3UzJwMTE4VEdlQT09\" target=\"_blank\" rel=\"noreferrer noopener\">Commander sur le site des Allum\u00e9s du Jazz<\/a><\/div>\n\n\n\n<div class=\"wp-block-button\"><a class=\"wp-block-button__link has-cyan-bluish-gray-background-color has-background wp-element-button\" href=\"https:\/\/mzrecords.bandcamp.com\/\" target=\"_blank\" rel=\"noreferrer noopener\">Commander sur Bandcamp<\/a><\/div>\n<\/div>\n<\/div><\/div>\n\n\n\n<p><strong>Livre-CD:<\/strong> le CD du spectacle, avec l&rsquo;album \u00ab\u00a0L&rsquo;Arbre sans fin\u00a0\u00bb de Claude Ponti.<\/p>\n\n\n\n<p>Une travers\u00e9e inoubliable dans le monde enchanteur et fantastique de Claude Ponti.<\/p>\n\n\n\n<p><\/p>\n\n\n\n<p>\u00ab\u00a0L&rsquo;Arbre Sans Fin\u00a0\u00bb, de Claude Ponti, est un de ces albums qui marient de mani\u00e8re extraordinaire le merveilleux, le fantastique, la po\u00e9sie et le sens profond des choses. Le parcours initiatique d&rsquo;Hipoll\u00e8ne dans \u00ab\u00a0le monde en bas de l&rsquo;arbre sans fin\u00a0\u00bb, sa victoire sur ses peurs, sa qu\u00eate personnelle et individuelle, sont absolument magiques, aussi bien pour les enfants que pour les adultes.<\/p>\n\n\n\n<h2 class=\"wp-block-heading\"><strong>Ecouter un extrait<\/strong><\/h2>\n\n\n\n<figure class=\"wp-block-audio\"><audio controls src=\"https:\/\/mzrecords.eu\/wp-content\/uploads\/2020\/09\/Voyage-Hipollene-Extr1.mp3\"><\/audio><\/figure>\n\n\n\n<h2 class=\"wp-block-heading\">Ce qui s&rsquo;est dit dans la presse<\/h2>\n\n\n\n<p><strong><span class=\"has-inline-color has-vivid-red-color\">TELERAMA, Sortir, novembre 2011<\/span><\/strong><\/p>\n\n\n\n<p><strong>Note de la r\u00e9daction<\/strong> : <strong>TTT Bravo<\/strong><\/p>\n\n\n\n<p><em>Hippoll\u00e8ne vit heureuse avec ses parents dans un arbre qu\u2019elle croit infini. A la disparition de sa grand-m\u00e8re, sa tristesse l\u2019entra\u00eene dans un voyage initiatique o\u00f9 rencontres et \u00e9preuves vont la faire grandir&#8230; Au d\u00e9part de ce livre-concert original, le monde fantastique et po\u00e9tique de Claude Ponti et de son \u201cArbre sans fin\u201d. Pour faire vivre sur sc\u00e8ne cet album, Christofer Bjurstr\u00f6m, pianiste, compositeur et grand sp\u00e9cialiste des cin\u00e9-concerts, s\u2019est entour\u00e9 d\u2019un cin\u00e9aste pour la mise en mouvements des images, d\u2019une conteuse-chanteuse, qui interpr\u00e8te en direct l\u2019histoire, et d\u2019un percussionniste. <strong>Une belle et talentueuse composition artistique qui allie conte, musique et cin\u00e9ma. Un spectacle \u00e0 ne pas manquer.<\/strong><\/em><\/p>\n\n\n\n<p>Fran\u00e7oise Sabatier-Morel<\/p>\n\n\n\n<p><\/p>\n\n\n\n<p><mark style=\"background-color:rgba(0, 0, 0, 0)\" class=\"has-inline-color has-vivid-red-color\">Ouest-France, 14 novembre 2011<\/mark><\/p>\n\n\n\n<p><strong>26<\/strong><sup><u><strong>\u00e8me<\/strong><\/u><\/sup><strong> festival du film court de Brest, Le Quartz, Sc\u00e8ne Nationale de Brest<\/strong><\/p>\n\n\n\n<p><em>Le petit th\u00e9\u00e2tre du Quartz \u00e9tait plein \u00e0 craquer , d\u2019enfants et de parents\u2026..<\/em><\/p>\n\n\n\n<p><em>La musique, aux coloration africaines et la voix charmeuse de la conteuse nous transportent all\u00e8grement dans l\u2019univers enchanteur, troublant et frissonnant du livre. <strong>Les \u00e9preuves initiatiques de la petite Hipoll\u00e8ne sont merveilleusement retranscrites par le trio.<\/strong><\/em><\/p>\n\n\n\n<p><strong><em>Envo\u00fbt\u00e9, le public ovationne sans retenue les trois artistes.<\/em><\/strong><\/p>\n","protected":false},"excerpt":{"rendered":"<p>Livre-CD: le CD du spectacle, avec l&rsquo;album \u00ab\u00a0L&rsquo;Arbre sans fin\u00a0\u00bb de Claude Ponti. Une travers\u00e9e inoubliable dans le monde enchanteur et fantastique de Claude Ponti. \u00ab\u00a0L&rsquo;Arbre Sans Fin\u00a0\u00bb, de Claude Ponti, est un de ces albums qui marient de mani\u00e8re extraordinaire le merveilleux, le fantastique, la po\u00e9sie et le sens profond des choses. Le parcours [&hellip;]<\/p>\n","protected":false},"author":1,"featured_media":0,"parent":0,"menu_order":0,"comment_status":"closed","ping_status":"closed","template":"","meta":{"footnotes":""},"class_list":["post-38","page","type-page","status-publish","hentry"],"_links":{"self":[{"href":"https:\/\/mzrecords.eu\/index.php\/wp-json\/wp\/v2\/pages\/38","targetHints":{"allow":["GET"]}}],"collection":[{"href":"https:\/\/mzrecords.eu\/index.php\/wp-json\/wp\/v2\/pages"}],"about":[{"href":"https:\/\/mzrecords.eu\/index.php\/wp-json\/wp\/v2\/types\/page"}],"author":[{"embeddable":true,"href":"https:\/\/mzrecords.eu\/index.php\/wp-json\/wp\/v2\/users\/1"}],"replies":[{"embeddable":true,"href":"https:\/\/mzrecords.eu\/index.php\/wp-json\/wp\/v2\/comments?post=38"}],"version-history":[{"count":11,"href":"https:\/\/mzrecords.eu\/index.php\/wp-json\/wp\/v2\/pages\/38\/revisions"}],"predecessor-version":[{"id":862,"href":"https:\/\/mzrecords.eu\/index.php\/wp-json\/wp\/v2\/pages\/38\/revisions\/862"}],"wp:attachment":[{"href":"https:\/\/mzrecords.eu\/index.php\/wp-json\/wp\/v2\/media?parent=38"}],"curies":[{"name":"wp","href":"https:\/\/api.w.org\/{rel}","templated":true}]}}