{"id":57,"date":"2020-07-28T16:21:58","date_gmt":"2020-07-28T14:21:58","guid":{"rendered":"http:\/\/mzrecords.eu\/?page_id=57"},"modified":"2024-12-13T17:22:34","modified_gmt":"2024-12-13T16:22:34","slug":"accueil","status":"publish","type":"page","link":"https:\/\/mzrecords.eu\/","title":{"rendered":"Accueil"},"content":{"rendered":"\n<p>Bonjour et bienvenue, vous \u00eates sur le site du label <strong>MZ Records<\/strong>. <\/p>\n\n\n\n<h2 class=\"wp-block-heading\">Albums musicaux<\/h2>\n\n\n\n<div class=\"wp-block-columns is-layout-flex wp-container-core-columns-is-layout-9d6595d7 wp-block-columns-is-layout-flex\">\n<div class=\"wp-block-column is-layout-flow wp-block-column-is-layout-flow\"><\/div>\n\n\n\n<div class=\"wp-block-column is-layout-flow wp-block-column-is-layout-flow\">\n<figure class=\"wp-block-image size-large\"><a href=\"https:\/\/mzrecords.eu\/index.php\/mar-12-notes-en-marge-de-goemons\/\"><img loading=\"lazy\" decoding=\"async\" width=\"1024\" height=\"938\" src=\"https:\/\/mzrecords.eu\/wp-content\/uploads\/2024\/12\/Notes-En-Marge-de-Goemons-Pochette-Face-1024x938.jpg\" alt=\"\" class=\"wp-image-917\" srcset=\"https:\/\/mzrecords.eu\/wp-content\/uploads\/2024\/12\/Notes-En-Marge-de-Goemons-Pochette-Face-1024x938.jpg 1024w, https:\/\/mzrecords.eu\/wp-content\/uploads\/2024\/12\/Notes-En-Marge-de-Goemons-Pochette-Face-300x275.jpg 300w, https:\/\/mzrecords.eu\/wp-content\/uploads\/2024\/12\/Notes-En-Marge-de-Goemons-Pochette-Face-768x703.jpg 768w, https:\/\/mzrecords.eu\/wp-content\/uploads\/2024\/12\/Notes-En-Marge-de-Goemons-Pochette-Face-1536x1407.jpg 1536w, https:\/\/mzrecords.eu\/wp-content\/uploads\/2024\/12\/Notes-En-Marge-de-Goemons-Pochette-Face.jpg 1651w\" sizes=\"auto, (max-width: 1024px) 100vw, 1024px\" \/><\/a><figcaption class=\"wp-element-caption\">MAR012 &#8211; Notes en marge de Go\u00ebmons<\/figcaption><\/figure>\n<\/div>\n\n\n\n<div class=\"wp-block-column is-layout-flow wp-block-column-is-layout-flow\">\n<figure class=\"wp-block-image size-large\"><a href=\"https:\/\/mzrecords.eu\/index.php\/mar-011-ecume-de-mai\/\"><img loading=\"lazy\" decoding=\"async\" width=\"1024\" height=\"1024\" src=\"https:\/\/mzrecords.eu\/wp-content\/uploads\/2020\/09\/Pochette-Ecume_3000-1024x1024.jpg\" alt=\"\" class=\"wp-image-140\"\/><\/a><figcaption class=\"wp-element-caption\">MAR011 &#8211; Ecume de Mai<\/figcaption><\/figure>\n<\/div>\n<\/div>\n\n\n\n<div class=\"wp-block-columns is-layout-flex wp-container-core-columns-is-layout-9d6595d7 wp-block-columns-is-layout-flex\">\n<div class=\"wp-block-column is-layout-flow wp-block-column-is-layout-flow\">\n<figure class=\"wp-block-image size-large\"><a href=\"https:\/\/mzrecords.eu\/index.php\/mar06-ookpik\/\"><img loading=\"lazy\" decoding=\"async\" width=\"1024\" height=\"916\" src=\"https:\/\/mzrecords.eu\/wp-content\/uploads\/2020\/07\/Ookpik-1024x916.jpg\" alt=\"\" class=\"wp-image-32\" srcset=\"https:\/\/mzrecords.eu\/wp-content\/uploads\/2020\/07\/Ookpik-1024x916.jpg 1024w, https:\/\/mzrecords.eu\/wp-content\/uploads\/2020\/07\/Ookpik-300x268.jpg 300w, https:\/\/mzrecords.eu\/wp-content\/uploads\/2020\/07\/Ookpik-768x687.jpg 768w, https:\/\/mzrecords.eu\/wp-content\/uploads\/2020\/07\/Ookpik.jpg 1100w\" sizes=\"auto, (max-width: 1024px) 100vw, 1024px\" \/><\/a><figcaption class=\"wp-element-caption\">MAR06 &#8211; Ookpik<\/figcaption><\/figure>\n\n\n\n<div class=\"wp-block-columns is-layout-flex wp-container-core-columns-is-layout-9d6595d7 wp-block-columns-is-layout-flex\">\n<div class=\"wp-block-column is-layout-flow wp-block-column-is-layout-flow\"><\/div>\n\n\n\n<div class=\"wp-block-column is-layout-flow wp-block-column-is-layout-flow\"><\/div>\n<\/div>\n<\/div>\n\n\n\n<div class=\"wp-block-column is-layout-flow wp-block-column-is-layout-flow\">\n<figure class=\"wp-block-image size-large\"><a href=\"https:\/\/mzrecords.eu\/index.php\/mar05-carnet-de-croquis-dun-voyageur-immobile\/\"><img loading=\"lazy\" decoding=\"async\" width=\"1024\" height=\"877\" src=\"https:\/\/mzrecords.eu\/wp-content\/uploads\/2020\/07\/Carnet-de-Croquis-1024x877.jpg\" alt=\"\" class=\"wp-image-30\" srcset=\"https:\/\/mzrecords.eu\/wp-content\/uploads\/2020\/07\/Carnet-de-Croquis-1024x877.jpg 1024w, https:\/\/mzrecords.eu\/wp-content\/uploads\/2020\/07\/Carnet-de-Croquis-300x257.jpg 300w, https:\/\/mzrecords.eu\/wp-content\/uploads\/2020\/07\/Carnet-de-Croquis-768x658.jpg 768w, https:\/\/mzrecords.eu\/wp-content\/uploads\/2020\/07\/Carnet-de-Croquis-1536x1316.jpg 1536w, https:\/\/mzrecords.eu\/wp-content\/uploads\/2020\/07\/Carnet-de-Croquis-2048x1755.jpg 2048w\" sizes=\"auto, (max-width: 1024px) 100vw, 1024px\" \/><\/a><figcaption class=\"wp-element-caption\">MAR05 &#8211; Carnet de Croquis&#8230;.<\/figcaption><\/figure>\n<\/div>\n\n\n\n<div class=\"wp-block-column is-layout-flow wp-block-column-is-layout-flow\">\n<figure class=\"wp-block-image size-full\"><a href=\"https:\/\/mzrecords.eu\/index.php\/mar-04-extenzo\/\"><img loading=\"lazy\" decoding=\"async\" width=\"500\" height=\"500\" src=\"https:\/\/mzrecords.eu\/wp-content\/uploads\/2020\/09\/extenzopetite.jpg\" alt=\"\" class=\"wp-image-70\" srcset=\"https:\/\/mzrecords.eu\/wp-content\/uploads\/2020\/09\/extenzopetite.jpg 500w, https:\/\/mzrecords.eu\/wp-content\/uploads\/2020\/09\/extenzopetite-300x300.jpg 300w, https:\/\/mzrecords.eu\/wp-content\/uploads\/2020\/09\/extenzopetite-150x150.jpg 150w\" sizes=\"auto, (max-width: 500px) 100vw, 500px\" \/><\/a><figcaption class=\"wp-element-caption\">MAR04 &#8211; Extenz&rsquo;O<\/figcaption><\/figure>\n\n\n\n<p><\/p>\n<\/div>\n<\/div>\n\n\n\n<div class=\"wp-block-columns is-layout-flex wp-container-core-columns-is-layout-9d6595d7 wp-block-columns-is-layout-flex\">\n<div class=\"wp-block-column is-layout-flow wp-block-column-is-layout-flow\">\n<figure class=\"wp-block-image size-large\"><a href=\"https:\/\/mzrecords.eu\/index.php\/mar-02-christofer-bjurstrom-piano-solo\/\"><img loading=\"lazy\" decoding=\"async\" width=\"1024\" height=\"927\" src=\"https:\/\/mzrecords.eu\/wp-content\/uploads\/2020\/09\/cd_solo-couverture-ext-1024x927.jpg\" alt=\"\" class=\"wp-image-293\" srcset=\"https:\/\/mzrecords.eu\/wp-content\/uploads\/2020\/09\/cd_solo-couverture-ext-1024x927.jpg 1024w, https:\/\/mzrecords.eu\/wp-content\/uploads\/2020\/09\/cd_solo-couverture-ext-300x272.jpg 300w, https:\/\/mzrecords.eu\/wp-content\/uploads\/2020\/09\/cd_solo-couverture-ext-768x696.jpg 768w, https:\/\/mzrecords.eu\/wp-content\/uploads\/2020\/09\/cd_solo-couverture-ext-1536x1391.jpg 1536w, https:\/\/mzrecords.eu\/wp-content\/uploads\/2020\/09\/cd_solo-couverture-ext.jpg 1622w\" sizes=\"auto, (max-width: 1024px) 100vw, 1024px\" \/><\/a><figcaption class=\"wp-element-caption\">MAR03 &#8211; Piano solo<\/figcaption><\/figure>\n<\/div>\n\n\n\n<div class=\"wp-block-column is-layout-flow wp-block-column-is-layout-flow\">\n<figure class=\"wp-block-image size-full\"><a href=\"https:\/\/mzrecords.eu\/index.php\/mar-02-duo-bjurstrom-rocher\/\"><img loading=\"lazy\" decoding=\"async\" width=\"708\" height=\"709\" src=\"https:\/\/mzrecords.eu\/wp-content\/uploads\/2020\/07\/duo.jpg\" alt=\"\" class=\"wp-image-16\" srcset=\"https:\/\/mzrecords.eu\/wp-content\/uploads\/2020\/07\/duo.jpg 708w, https:\/\/mzrecords.eu\/wp-content\/uploads\/2020\/07\/duo-300x300.jpg 300w, https:\/\/mzrecords.eu\/wp-content\/uploads\/2020\/07\/duo-150x150.jpg 150w\" sizes=\"auto, (max-width: 708px) 100vw, 708px\" \/><\/a><figcaption class=\"wp-element-caption\">MAR02 &#8211; Bjurstr\u00f6m\/ Rocher<\/figcaption><\/figure>\n<\/div>\n\n\n\n<div class=\"wp-block-column is-layout-flow wp-block-column-is-layout-flow\">\n<figure class=\"wp-block-image size-full\"><a href=\"https:\/\/mzrecords.eu\/index.php\/mar-01-on-a-marche-sous-la-pluie\/\"><img loading=\"lazy\" decoding=\"async\" width=\"705\" height=\"697\" src=\"https:\/\/mzrecords.eu\/wp-content\/uploads\/2020\/07\/sous-la-pluie.jpg\" alt=\"\" class=\"wp-image-25\" srcset=\"https:\/\/mzrecords.eu\/wp-content\/uploads\/2020\/07\/sous-la-pluie.jpg 705w, https:\/\/mzrecords.eu\/wp-content\/uploads\/2020\/07\/sous-la-pluie-300x297.jpg 300w\" sizes=\"auto, (max-width: 705px) 100vw, 705px\" \/><\/a><figcaption class=\"wp-element-caption\">MAR01 &#8211; On a march\u00e9 sous la pluie<\/figcaption><\/figure>\n<\/div>\n<\/div>\n\n\n\n<h2 class=\"wp-block-heading\">Albums Jeune Public<\/h2>\n\n\n\n<div class=\"wp-block-columns is-layout-flex wp-container-core-columns-is-layout-9d6595d7 wp-block-columns-is-layout-flex\">\n<div class=\"wp-block-column is-layout-flow wp-block-column-is-layout-flow\">\n<figure class=\"wp-block-image size-large\"><a href=\"https:\/\/mzrecords.eu\/index.php\/mar-l02-livre-cd-le-mystere-bigoulet\/\"><img loading=\"lazy\" decoding=\"async\" width=\"1024\" height=\"822\" src=\"https:\/\/mzrecords.eu\/wp-content\/uploads\/2022\/11\/Couverture-Livre-CD-Bigoulet-1024x822.jpg\" alt=\"\" class=\"wp-image-786\" srcset=\"https:\/\/mzrecords.eu\/wp-content\/uploads\/2022\/11\/Couverture-Livre-CD-Bigoulet-1024x822.jpg 1024w, https:\/\/mzrecords.eu\/wp-content\/uploads\/2022\/11\/Couverture-Livre-CD-Bigoulet-300x241.jpg 300w, https:\/\/mzrecords.eu\/wp-content\/uploads\/2022\/11\/Couverture-Livre-CD-Bigoulet-768x616.jpg 768w, https:\/\/mzrecords.eu\/wp-content\/uploads\/2022\/11\/Couverture-Livre-CD-Bigoulet-1536x1232.jpg 1536w, https:\/\/mzrecords.eu\/wp-content\/uploads\/2022\/11\/Couverture-Livre-CD-Bigoulet.jpg 1745w\" sizes=\"auto, (max-width: 1024px) 100vw, 1024px\" \/><\/a><\/figure>\n\n\n\n<p>MARL02 &#8211; Le Myst\u00e8re Bigoulet<\/p>\n<\/div>\n\n\n\n<div class=\"wp-block-column is-layout-flow wp-block-column-is-layout-flow\">\n<figure class=\"wp-block-image size-full\"><a href=\"https:\/\/mzrecords.eu\/index.php\/mar-l01-le-voyage-dhipollene\/\"><img loading=\"lazy\" decoding=\"async\" width=\"1005\" height=\"1024\" src=\"https:\/\/mzrecords.eu\/wp-content\/uploads\/2020\/09\/Couv-Pochette-Hipollene-red.png\" alt=\"\" class=\"wp-image-306\" srcset=\"https:\/\/mzrecords.eu\/wp-content\/uploads\/2020\/09\/Couv-Pochette-Hipollene-red.png 1005w, https:\/\/mzrecords.eu\/wp-content\/uploads\/2020\/09\/Couv-Pochette-Hipollene-red-294x300.png 294w, https:\/\/mzrecords.eu\/wp-content\/uploads\/2020\/09\/Couv-Pochette-Hipollene-red-768x783.png 768w\" sizes=\"auto, (max-width: 1005px) 100vw, 1005px\" \/><\/a><figcaption class=\"wp-element-caption\">MARL01 &#8211; Le voyage d&rsquo;Hipoll\u00e8ne<\/figcaption><\/figure>\n<\/div>\n\n\n\n<div class=\"wp-block-column is-layout-flow wp-block-column-is-layout-flow\">\n<figure class=\"wp-block-image size-large\"><a href=\"https:\/\/mzrecords.eu\/index.php\/mars-05-le-voleur-et-la-princesse\/\"><img loading=\"lazy\" decoding=\"async\" width=\"1018\" height=\"1024\" src=\"https:\/\/mzrecords.eu\/wp-content\/uploads\/2020\/07\/Cd-voleur-1018x1024.jpg\" alt=\"\" class=\"wp-image-36\" srcset=\"https:\/\/mzrecords.eu\/wp-content\/uploads\/2020\/07\/Cd-voleur-1018x1024.jpg 1018w, https:\/\/mzrecords.eu\/wp-content\/uploads\/2020\/07\/Cd-voleur-298x300.jpg 298w, https:\/\/mzrecords.eu\/wp-content\/uploads\/2020\/07\/Cd-voleur-150x150.jpg 150w, https:\/\/mzrecords.eu\/wp-content\/uploads\/2020\/07\/Cd-voleur-768x772.jpg 768w, https:\/\/mzrecords.eu\/wp-content\/uploads\/2020\/07\/Cd-voleur.jpg 1464w\" sizes=\"auto, (max-width: 1018px) 100vw, 1018px\" \/><\/a><figcaption class=\"wp-element-caption\">MARS01 &#8211; Le Voleur et la PRincesse<\/figcaption><\/figure>\n<\/div>\n<\/div>\n\n\n\n<h2 class=\"wp-block-heading\">Bjurstr\u00f6m Sextet: Albums Le Bon Alouate<\/h2>\n\n\n\n<div class=\"wp-block-columns is-layout-flex wp-container-core-columns-is-layout-9d6595d7 wp-block-columns-is-layout-flex\">\n<div class=\"wp-block-column is-layout-flow wp-block-column-is-layout-flow\">\n<figure class=\"wp-block-image size-full\"><a href=\"https:\/\/mzrecords.eu\/index.php\/lba-c002-sous-letrange-lumiere-des-fantomes\/\"><img loading=\"lazy\" decoding=\"async\" width=\"708\" height=\"686\" src=\"https:\/\/mzrecords.eu\/wp-content\/uploads\/2020\/11\/sous-letrange-lumiere-1.jpg\" alt=\"\" class=\"wp-image-501\" srcset=\"https:\/\/mzrecords.eu\/wp-content\/uploads\/2020\/11\/sous-letrange-lumiere-1.jpg 708w, https:\/\/mzrecords.eu\/wp-content\/uploads\/2020\/11\/sous-letrange-lumiere-1-300x291.jpg 300w\" sizes=\"auto, (max-width: 708px) 100vw, 708px\" \/><\/a><figcaption class=\"wp-element-caption\">Bjurstr\u00f6m Sextet: Sous l&rsquo;\u00e9trange lumi\u00e8re des fant\u00f4mes<\/figcaption><\/figure>\n<\/div>\n\n\n\n<div class=\"wp-block-column is-layout-flow wp-block-column-is-layout-flow\">\n<figure class=\"wp-block-image size-full\"><a href=\"https:\/\/mzrecords.eu\/index.php\/lbac-001-doucement-au-reveil\/\"><img loading=\"lazy\" decoding=\"async\" width=\"716\" height=\"686\" src=\"https:\/\/mzrecords.eu\/wp-content\/uploads\/2020\/11\/doucement-au-reveil-1.jpg\" alt=\"\" class=\"wp-image-499\" srcset=\"https:\/\/mzrecords.eu\/wp-content\/uploads\/2020\/11\/doucement-au-reveil-1.jpg 716w, https:\/\/mzrecords.eu\/wp-content\/uploads\/2020\/11\/doucement-au-reveil-1-300x287.jpg 300w\" sizes=\"auto, (max-width: 716px) 100vw, 716px\" \/><\/a><figcaption class=\"wp-element-caption\">Bjurstr\u00f6m Sextet: Doucement au r\u00e9veil<\/figcaption><\/figure>\n<\/div>\n\n\n\n<div class=\"wp-block-column is-layout-flow wp-block-column-is-layout-flow\"><\/div>\n<\/div>\n\n\n\n<div class=\"wp-block-columns is-layout-flex wp-container-core-columns-is-layout-9d6595d7 wp-block-columns-is-layout-flex\">\n<div class=\"wp-block-column is-layout-flow wp-block-column-is-layout-flow\" style=\"flex-basis:100%\">\n<div class=\"wp-block-columns is-layout-flex wp-container-core-columns-is-layout-9d6595d7 wp-block-columns-is-layout-flex\">\n<div class=\"wp-block-column is-layout-flow wp-block-column-is-layout-flow\" style=\"flex-basis:100%\">\n<div class=\"wp-block-columns is-layout-flex wp-container-core-columns-is-layout-9d6595d7 wp-block-columns-is-layout-flex\">\n<div class=\"wp-block-column is-layout-flow wp-block-column-is-layout-flow\"><\/div>\n\n\n\n<div class=\"wp-block-column is-layout-flow wp-block-column-is-layout-flow\"><\/div>\n<\/div>\n<\/div>\n<\/div>\n<\/div>\n<\/div>\n\n\n\n<p>Le label MZ Records (auparavant Marmouzic) a \u00e9t\u00e9 cr\u00e9\u00e9 en 2000 pour porter les cr\u00e9ations de Christofer Bjurstr\u00f6m et Christophe Rocher. Le label a publi\u00e9 \u00e0 la fois des albums musicaux, fruits des exp\u00e9riences de ces deux musiciens, et des albums destin\u00e9s au jeune public, fruits des spectacles de la compagnie Marmouzic. Ce label porte maintenant principalement les productions de Christofer Bjurstr\u00f6m, et celles de la Compagnie Marmouzic pour le Jeune Public, mais accueille bien volontiers d&rsquo;autres collaborations.<\/p>\n\n\n\n<p>MZ Records fait partie du groupement de labels ind\u00e9pendants <a href=\"https:\/\/www.lesallumesdujazz.com\/\">Les Allum\u00e9s du Jazz<\/a> depuis 2002.<\/p>\n\n\n\n<p>Les albums sont disponibles \u00e0 la vente par correspondance sur le <a rel=\"noreferrer noopener\" href=\"https:\/\/www.lesallumesdujazz.com\/e-boutique-recherche.html?5f589bd67452d\" target=\"_blank\">site des Allum\u00e9s du Jazz<\/a> <\/p>\n\n\n\n<p>Ils sont \u00e9galement disponibles sur le <a rel=\"noreferrer noopener\" href=\"https:\/\/mzrecords.bandcamp.com\/\" target=\"_blank\">Bandcamp de Mz Records<\/a><\/p>\n\n\n\n<p><\/p>\n","protected":false},"excerpt":{"rendered":"<p>Bonjour et bienvenue, vous \u00eates sur le site du label MZ Records. Albums musicaux Albums Jeune Public Bjurstr\u00f6m Sextet: Albums Le Bon Alouate Le label MZ Records (auparavant Marmouzic) a \u00e9t\u00e9 cr\u00e9\u00e9 en 2000 pour porter les cr\u00e9ations de Christofer Bjurstr\u00f6m et Christophe Rocher. Le label a publi\u00e9 \u00e0 la fois des albums musicaux, fruits [&hellip;]<\/p>\n","protected":false},"author":1,"featured_media":0,"parent":0,"menu_order":0,"comment_status":"closed","ping_status":"closed","template":"","meta":{"footnotes":""},"class_list":["post-57","page","type-page","status-publish","hentry"],"_links":{"self":[{"href":"https:\/\/mzrecords.eu\/index.php\/wp-json\/wp\/v2\/pages\/57","targetHints":{"allow":["GET"]}}],"collection":[{"href":"https:\/\/mzrecords.eu\/index.php\/wp-json\/wp\/v2\/pages"}],"about":[{"href":"https:\/\/mzrecords.eu\/index.php\/wp-json\/wp\/v2\/types\/page"}],"author":[{"embeddable":true,"href":"https:\/\/mzrecords.eu\/index.php\/wp-json\/wp\/v2\/users\/1"}],"replies":[{"embeddable":true,"href":"https:\/\/mzrecords.eu\/index.php\/wp-json\/wp\/v2\/comments?post=57"}],"version-history":[{"count":28,"href":"https:\/\/mzrecords.eu\/index.php\/wp-json\/wp\/v2\/pages\/57\/revisions"}],"predecessor-version":[{"id":929,"href":"https:\/\/mzrecords.eu\/index.php\/wp-json\/wp\/v2\/pages\/57\/revisions\/929"}],"wp:attachment":[{"href":"https:\/\/mzrecords.eu\/index.php\/wp-json\/wp\/v2\/media?parent=57"}],"curies":[{"name":"wp","href":"https:\/\/api.w.org\/{rel}","templated":true}]}}