{"id":590,"date":"2020-12-21T16:19:16","date_gmt":"2020-12-21T15:19:16","guid":{"rendered":"https:\/\/mzrecords.eu\/?page_id=590"},"modified":"2020-12-21T16:19:16","modified_gmt":"2020-12-21T15:19:16","slug":"bjurstrom-sextet","status":"publish","type":"page","link":"https:\/\/mzrecords.eu\/index.php\/bjurstrom-sextet\/","title":{"rendered":"Bjurstr\u00f6m Sextet"},"content":{"rendered":"\n<p>Le Bjurstr\u00f6m Sextet a enregistr\u00e9 en 1990 et 1996 deux disques qui ont \u00e9t\u00e9 publi\u00e9s par Le Bon Alouate. Ces disques, bien que non produits par Mz Records, sont accessibles sur ce site.<\/p>\n","protected":false},"excerpt":{"rendered":"<p>Le Bjurstr\u00f6m Sextet a enregistr\u00e9 en 1990 et 1996 deux disques qui ont \u00e9t\u00e9 publi\u00e9s par Le Bon Alouate. Ces disques, bien que non produits par Mz Records, sont accessibles sur ce site.<\/p>\n","protected":false},"author":1,"featured_media":0,"parent":0,"menu_order":0,"comment_status":"closed","ping_status":"closed","template":"","meta":{"footnotes":""},"class_list":["post-590","page","type-page","status-publish","hentry"],"_links":{"self":[{"href":"https:\/\/mzrecords.eu\/index.php\/wp-json\/wp\/v2\/pages\/590","targetHints":{"allow":["GET"]}}],"collection":[{"href":"https:\/\/mzrecords.eu\/index.php\/wp-json\/wp\/v2\/pages"}],"about":[{"href":"https:\/\/mzrecords.eu\/index.php\/wp-json\/wp\/v2\/types\/page"}],"author":[{"embeddable":true,"href":"https:\/\/mzrecords.eu\/index.php\/wp-json\/wp\/v2\/users\/1"}],"replies":[{"embeddable":true,"href":"https:\/\/mzrecords.eu\/index.php\/wp-json\/wp\/v2\/comments?post=590"}],"version-history":[{"count":1,"href":"https:\/\/mzrecords.eu\/index.php\/wp-json\/wp\/v2\/pages\/590\/revisions"}],"predecessor-version":[{"id":591,"href":"https:\/\/mzrecords.eu\/index.php\/wp-json\/wp\/v2\/pages\/590\/revisions\/591"}],"wp:attachment":[{"href":"https:\/\/mzrecords.eu\/index.php\/wp-json\/wp\/v2\/media?parent=590"}],"curies":[{"name":"wp","href":"https:\/\/api.w.org\/{rel}","templated":true}]}}