{"id":622,"date":"2021-02-04T16:04:49","date_gmt":"2021-02-04T15:04:49","guid":{"rendered":"https:\/\/mzrecords.eu\/?page_id=622"},"modified":"2021-02-08T10:01:37","modified_gmt":"2021-02-08T09:01:37","slug":"contact","status":"publish","type":"page","link":"https:\/\/mzrecords.eu\/index.php\/contact\/","title":{"rendered":"Contact"},"content":{"rendered":"\n<p class=\"has-medium-font-size\">Direction artistique du label: Christofer Bjurstr\u00f6m<\/p>\n\n\n\n<p><\/p>\n\n\n\n<p class=\"has-medium-font-size\"><strong>Pour nous contacter:<\/strong><\/p>\n\n\n\n<p><\/p>\n\n\n\n<p class=\"has-normal-font-size\"><strong>par mail:<\/strong><\/p>\n\n\n\n<p class=\"has-normal-font-size\"><a href=\"mailto:mzrecords@cooperative109.fr\">mzrecords@cooperative109.fr<\/a><\/p>\n\n\n\n<p><\/p>\n\n\n\n<p class=\"has-normal-font-size\"><strong>par courrier:<\/strong><\/p>\n\n\n\n<p class=\"has-normal-font-size\">MZ Records \/ Coop\u00e9rative 109<\/p>\n\n\n\n<p class=\"has-normal-font-size\">169 rue Jean Jaur\u00e8s<\/p>\n\n\n\n<p>29200 BREST<\/p>\n\n\n\n<p class=\"has-normal-font-size\">T\u00e9l: 02 98 43 02 06<\/p>\n","protected":false},"excerpt":{"rendered":"<p>Direction artistique du label: Christofer Bjurstr\u00f6m Pour nous contacter: par mail: mzrecords@cooperative109.fr par courrier: MZ Records \/ Coop\u00e9rative 109 169 rue Jean Jaur\u00e8s 29200 BREST T\u00e9l: 02 98 43 02 06<\/p>\n","protected":false},"author":1,"featured_media":0,"parent":0,"menu_order":0,"comment_status":"closed","ping_status":"closed","template":"","meta":{"footnotes":""},"class_list":["post-622","page","type-page","status-publish","hentry"],"_links":{"self":[{"href":"https:\/\/mzrecords.eu\/index.php\/wp-json\/wp\/v2\/pages\/622","targetHints":{"allow":["GET"]}}],"collection":[{"href":"https:\/\/mzrecords.eu\/index.php\/wp-json\/wp\/v2\/pages"}],"about":[{"href":"https:\/\/mzrecords.eu\/index.php\/wp-json\/wp\/v2\/types\/page"}],"author":[{"embeddable":true,"href":"https:\/\/mzrecords.eu\/index.php\/wp-json\/wp\/v2\/users\/1"}],"replies":[{"embeddable":true,"href":"https:\/\/mzrecords.eu\/index.php\/wp-json\/wp\/v2\/comments?post=622"}],"version-history":[{"count":3,"href":"https:\/\/mzrecords.eu\/index.php\/wp-json\/wp\/v2\/pages\/622\/revisions"}],"predecessor-version":[{"id":727,"href":"https:\/\/mzrecords.eu\/index.php\/wp-json\/wp\/v2\/pages\/622\/revisions\/727"}],"wp:attachment":[{"href":"https:\/\/mzrecords.eu\/index.php\/wp-json\/wp\/v2\/media?parent=622"}],"curies":[{"name":"wp","href":"https:\/\/api.w.org\/{rel}","templated":true}]}}