{"id":767,"date":"2020-12-21T16:25:51","date_gmt":"2020-12-21T15:25:51","guid":{"rendered":"https:\/\/mzrecords.eu\/?page_id=593"},"modified":"2021-09-14T12:01:25","modified_gmt":"2021-09-14T10:01:25","slug":"lbac-001-gently-to-wake-up","status":"publish","type":"page","link":"https:\/\/mzrecords.eu\/index.php\/en\/lbac-001-gently-to-wake-up\/","title":{"rendered":"LBAC 001 Doucement au r\u00e9veil (Gently when you wake up)"},"content":{"rendered":"\n<div class=\"wp-block-media-text alignwide is-stacked-on-mobile\"><figure class=\"wp-block-media-text__media\"><img loading=\"lazy\" decoding=\"async\" width=\"716\" height=\"686\" src=\"https:\/\/mzrecords.eu\/wp-content\/uploads\/2020\/11\/doucement-au-reveil.jpg\" alt=\"\" class=\"wp-image-496 size-full\" srcset=\"https:\/\/mzrecords.eu\/wp-content\/uploads\/2020\/11\/doucement-au-reveil.jpg 716w, https:\/\/mzrecords.eu\/wp-content\/uploads\/2020\/11\/doucement-au-reveil-300x287.jpg 300w\" sizes=\"auto, (max-width: 716px) 100vw, 716px\" \/><\/figure><div class=\"wp-block-media-text__content\">\n<p class=\"has-normal-font-size\">Recorded in June 1990 at Studio Sofreson<\/p>\n\n\n\n<p><\/p>\n\n\n\n<div class=\"wp-block-buttons is-layout-flex wp-block-buttons-is-layout-flex\">\n<div class=\"wp-block-button\"><a class=\"wp-block-button__link has-cyan-bluish-gray-background-color has-background\" href=\"https:\/\/mzrecords.bandcamp.com\/album\/doucement-au-r-veil\" target=\"_blank\" rel=\"noreferrer noopener\">Listen \/ Download \/ Buy on Bandcamp<\/a><\/div>\n<\/div>\n<\/div><\/div>\n\n\n\n<p><\/p>\n\n\n\n<p><\/p>\n\n\n\n<p class=\"has-medium-font-size\">BJURSTR\u00d6M SEXTET<\/p>\n\n\n\n<ul class=\"has-normal-font-size wp-block-list\"><li>Dani\u00e8le Dumas, soprano saxophone and bass clarinet<\/li><li>Daniel Palomo Vinuesa, soprano, alto and baritone saxophones, composition<\/li><li>Jack Thiney, tenor saxophone<\/li><li>G\u00e9rard Bouquin, double bass<\/li><li>Fran\u00e7ois Malet, drums<\/li><li>Christofer Bjurstr\u00f6m, piano, composition<\/li><\/ul>\n","protected":false},"excerpt":{"rendered":"<p>BJURSTR\u00d6M SEXTET Dani\u00e8le Dumas, soprano saxophone and bass clarinet Daniel Palomo Vinuesa, soprano, alto and baritone saxophones, composition Jack Thiney, tenor saxophone G\u00e9rard Bouquin, double bass Fran\u00e7ois Malet, drums Christofer Bjurstr\u00f6m, piano, composition<\/p>\n","protected":false},"author":1,"featured_media":0,"parent":0,"menu_order":0,"comment_status":"closed","ping_status":"closed","template":"","meta":{"footnotes":""},"class_list":["post-767","page","type-page","status-publish","hentry"],"_links":{"self":[{"href":"https:\/\/mzrecords.eu\/index.php\/wp-json\/wp\/v2\/pages\/767","targetHints":{"allow":["GET"]}}],"collection":[{"href":"https:\/\/mzrecords.eu\/index.php\/wp-json\/wp\/v2\/pages"}],"about":[{"href":"https:\/\/mzrecords.eu\/index.php\/wp-json\/wp\/v2\/types\/page"}],"author":[{"embeddable":true,"href":"https:\/\/mzrecords.eu\/index.php\/wp-json\/wp\/v2\/users\/1"}],"replies":[{"embeddable":true,"href":"https:\/\/mzrecords.eu\/index.php\/wp-json\/wp\/v2\/comments?post=767"}],"version-history":[{"count":1,"href":"https:\/\/mzrecords.eu\/index.php\/wp-json\/wp\/v2\/pages\/767\/revisions"}],"predecessor-version":[{"id":769,"href":"https:\/\/mzrecords.eu\/index.php\/wp-json\/wp\/v2\/pages\/767\/revisions\/769"}],"wp:attachment":[{"href":"https:\/\/mzrecords.eu\/index.php\/wp-json\/wp\/v2\/media?parent=767"}],"curies":[{"name":"wp","href":"https:\/\/api.w.org\/{rel}","templated":true}]}}