{"id":768,"date":"2020-12-21T16:39:22","date_gmt":"2020-12-21T15:39:22","guid":{"rendered":"https:\/\/mzrecords.eu\/?page_id=595"},"modified":"2021-09-14T12:02:31","modified_gmt":"2021-09-14T10:02:31","slug":"lba-c002-sous-letrange-lumiere-des-fantomes-2","status":"publish","type":"page","link":"https:\/\/mzrecords.eu\/index.php\/en\/lba-c002-sous-letrange-lumiere-des-fantomes-2\/","title":{"rendered":"LBAC002 &#8211; Sous l&rsquo;\u00e9trange lumi\u00e8re des fant\u00f4mes (Under the Strange Light of Ghosts)"},"content":{"rendered":"\n<div class=\"wp-block-media-text alignwide is-stacked-on-mobile\"><figure class=\"wp-block-media-text__media\"><img loading=\"lazy\" decoding=\"async\" width=\"708\" height=\"686\" src=\"https:\/\/mzrecords.eu\/wp-content\/uploads\/2020\/11\/sous-letrange-lumiere.jpg\" alt=\"\" class=\"wp-image-495 size-full\" srcset=\"https:\/\/mzrecords.eu\/wp-content\/uploads\/2020\/11\/sous-letrange-lumiere.jpg 708w, https:\/\/mzrecords.eu\/wp-content\/uploads\/2020\/11\/sous-letrange-lumiere-300x291.jpg 300w\" sizes=\"auto, (max-width: 708px) 100vw, 708px\" \/><\/figure><div class=\"wp-block-media-text__content\">\n<p class=\"has-normal-font-size\">Recorded in 1996 at the Chennevi\u00e8res studio by G\u00e9rard Lhomme<\/p>\n\n\n\n<p><\/p>\n\n\n\n<div class=\"wp-block-buttons is-layout-flex wp-block-buttons-is-layout-flex\">\n<div class=\"wp-block-button\"><a class=\"wp-block-button__link has-cyan-bluish-gray-background-color has-background\" href=\"https:\/\/mzrecords.bandcamp.com\/album\/sous-l-trange-lumi-re-des-fant-mes\" target=\"_blank\" rel=\"noreferrer noopener\">Listen \/ Download \/ Buy on Bandcamp<\/a><\/div>\n<\/div>\n<\/div><\/div>\n\n\n\n<p><\/p>\n\n\n\n<p><\/p>\n\n\n\n<p class=\"has-medium-font-size\">BJURSTR\u00d6M SEXTET:<\/p>\n\n\n\n<ul class=\"wp-block-list\"><li>Dani\u00e8le Dumas: soprano saxophone and bass clarinet<\/li><li>Daniel Palomo Vinuesa: soprano, alto and baritone saxophones<\/li><li>Jack Thiney \u2013 tenor saxophone<\/li><li>G\u00e9rard Bouquin &#8211; double bass<\/li><li>Fran\u00e7ois Malet \u2013 drums, percussion<\/li><li>Christofer Bjurstr\u00f6m: piano, flutes, composition<\/li><\/ul>\n","protected":false},"excerpt":{"rendered":"<p>BJURSTR\u00d6M SEXTET: Dani\u00e8le Dumas: soprano saxophone and bass clarinet Daniel Palomo Vinuesa: soprano, alto and baritone saxophones Jack Thiney \u2013 tenor saxophone G\u00e9rard Bouquin &#8211; double bass Fran\u00e7ois Malet \u2013 drums, percussion Christofer Bjurstr\u00f6m: piano, flutes, composition<\/p>\n","protected":false},"author":1,"featured_media":0,"parent":0,"menu_order":0,"comment_status":"closed","ping_status":"closed","template":"","meta":{"footnotes":""},"class_list":["post-768","page","type-page","status-publish","hentry"],"_links":{"self":[{"href":"https:\/\/mzrecords.eu\/index.php\/wp-json\/wp\/v2\/pages\/768","targetHints":{"allow":["GET"]}}],"collection":[{"href":"https:\/\/mzrecords.eu\/index.php\/wp-json\/wp\/v2\/pages"}],"about":[{"href":"https:\/\/mzrecords.eu\/index.php\/wp-json\/wp\/v2\/types\/page"}],"author":[{"embeddable":true,"href":"https:\/\/mzrecords.eu\/index.php\/wp-json\/wp\/v2\/users\/1"}],"replies":[{"embeddable":true,"href":"https:\/\/mzrecords.eu\/index.php\/wp-json\/wp\/v2\/comments?post=768"}],"version-history":[{"count":1,"href":"https:\/\/mzrecords.eu\/index.php\/wp-json\/wp\/v2\/pages\/768\/revisions"}],"predecessor-version":[{"id":770,"href":"https:\/\/mzrecords.eu\/index.php\/wp-json\/wp\/v2\/pages\/768\/revisions\/770"}],"wp:attachment":[{"href":"https:\/\/mzrecords.eu\/index.php\/wp-json\/wp\/v2\/media?parent=768"}],"curies":[{"name":"wp","href":"https:\/\/api.w.org\/{rel}","templated":true}]}}