{"id":781,"date":"2022-11-30T12:45:52","date_gmt":"2022-11-30T11:45:52","guid":{"rendered":"https:\/\/mzrecords.eu\/?page_id=781"},"modified":"2022-12-08T17:03:27","modified_gmt":"2022-12-08T16:03:27","slug":"mar-l02-livre-cd-le-mystere-bigoulet","status":"publish","type":"page","link":"https:\/\/mzrecords.eu\/index.php\/mar-l02-livre-cd-le-mystere-bigoulet\/","title":{"rendered":"MAR L02 Livre-CD \u00ab\u00a0Le Myst\u00e8re Bigoulet\u00a0\u00bb"},"content":{"rendered":"\n<div class=\"wp-block-media-text alignwide is-stacked-on-mobile\"><figure class=\"wp-block-media-text__media\"><img loading=\"lazy\" decoding=\"async\" width=\"1024\" height=\"822\" src=\"https:\/\/mzrecords.eu\/wp-content\/uploads\/2022\/11\/Couverture-Livre-CD-Bigoulet-1024x822.jpg\" alt=\"\" class=\"wp-image-786 size-full\" srcset=\"https:\/\/mzrecords.eu\/wp-content\/uploads\/2022\/11\/Couverture-Livre-CD-Bigoulet-1024x822.jpg 1024w, https:\/\/mzrecords.eu\/wp-content\/uploads\/2022\/11\/Couverture-Livre-CD-Bigoulet-300x241.jpg 300w, https:\/\/mzrecords.eu\/wp-content\/uploads\/2022\/11\/Couverture-Livre-CD-Bigoulet-768x616.jpg 768w, https:\/\/mzrecords.eu\/wp-content\/uploads\/2022\/11\/Couverture-Livre-CD-Bigoulet-1536x1232.jpg 1536w, https:\/\/mzrecords.eu\/wp-content\/uploads\/2022\/11\/Couverture-Livre-CD-Bigoulet.jpg 1745w\" sizes=\"auto, (max-width: 1024px) 100vw, 1024px\" \/><\/figure><div class=\"wp-block-media-text__content\">\n<p class=\"has-small-font-size\"><strong>Catherine Le Flochmoan<\/strong>: conte et chant<br><strong>Christofer Bjurstr\u00f6m<\/strong>: piano\/ claviers, fl\u00fbtes, \u00e9lectronique, composition<br><strong>Fran\u00e7ois Malet<\/strong>: percussions<br><strong>Vincent Raude:<\/strong> paysages sonores<\/p>\n\n\n\n<p><\/p>\n\n\n\n<p><\/p>\n\n\n\n<p>Nouveaut\u00e9: publi\u00e9 le 7 d\u00e9cembre 2022<\/p>\n\n\n\n<div class=\"wp-block-buttons is-layout-flex wp-block-buttons-is-layout-flex\">\n<div class=\"wp-block-button\"><a class=\"wp-block-button__link has-cyan-bluish-gray-background-color has-background wp-element-button\" href=\"https:\/\/mzrecords.bandcamp.com\/album\/livre-cd-le-myst-re-bigoulet\" target=\"_blank\" rel=\"noreferrer noopener\">Commander sur Bandcamp<\/a><\/div>\n<\/div>\n<\/div><\/div>\n\n\n\n<p><strong>Livre-CD:<\/strong> le CD du spectacle \u00ab\u00a0Le Myst\u00e8re Bigoulet\u00a0\u00bb, avec l&rsquo;album \u00ab\u00a0L&rsquo;Ecoute aux Portes\u00a0\u00bb de Claude Ponti.<\/p>\n\n\n\n<p>Le monde s&rsquo;est arr\u00eat\u00e9, parce qu&rsquo;une histoire s&rsquo;est interrompue. La petite Mine va partir \u00e0 la recherche de l&rsquo;histoire arr\u00eat\u00e9e, avec son compagnon l&rsquo;Ecoute aux Portes. Une travers\u00e9e inoubliable dans le monde enchanteur et fantastique de Claude Ponti.<\/p>\n\n\n\n<p><\/p>\n\n\n\n<h2 class=\"wp-block-heading\"><strong>Ecouter un extrait<\/strong><\/h2>\n\n\n\n<figure class=\"wp-block-audio\"><audio controls src=\"https:\/\/mzrecords.eu\/wp-content\/uploads\/2022\/12\/Extrait-livre-cd-mystere-bigoulet.mp3\"><\/audio><figcaption class=\"wp-element-caption\">Extrait du Livre-CD \u00ab\u00a0Le Myst\u00e8re Bigoulet\u00a0\u00bb<\/figcaption><\/figure>\n\n\n\n<p>en cours<\/p>\n","protected":false},"excerpt":{"rendered":"<p>Livre-CD: le CD du spectacle \u00ab\u00a0Le Myst\u00e8re Bigoulet\u00a0\u00bb, avec l&rsquo;album \u00ab\u00a0L&rsquo;Ecoute aux Portes\u00a0\u00bb de Claude Ponti. Le monde s&rsquo;est arr\u00eat\u00e9, parce qu&rsquo;une histoire s&rsquo;est interrompue. La petite Mine va partir \u00e0 la recherche de l&rsquo;histoire arr\u00eat\u00e9e, avec son compagnon l&rsquo;Ecoute aux Portes. Une travers\u00e9e inoubliable dans le monde enchanteur et fantastique de Claude Ponti. Ecouter [&hellip;]<\/p>\n","protected":false},"author":1,"featured_media":0,"parent":0,"menu_order":0,"comment_status":"closed","ping_status":"closed","template":"","meta":{"footnotes":""},"class_list":["post-781","page","type-page","status-publish","hentry"],"_links":{"self":[{"href":"https:\/\/mzrecords.eu\/index.php\/wp-json\/wp\/v2\/pages\/781","targetHints":{"allow":["GET"]}}],"collection":[{"href":"https:\/\/mzrecords.eu\/index.php\/wp-json\/wp\/v2\/pages"}],"about":[{"href":"https:\/\/mzrecords.eu\/index.php\/wp-json\/wp\/v2\/types\/page"}],"author":[{"embeddable":true,"href":"https:\/\/mzrecords.eu\/index.php\/wp-json\/wp\/v2\/users\/1"}],"replies":[{"embeddable":true,"href":"https:\/\/mzrecords.eu\/index.php\/wp-json\/wp\/v2\/comments?post=781"}],"version-history":[{"count":3,"href":"https:\/\/mzrecords.eu\/index.php\/wp-json\/wp\/v2\/pages\/781\/revisions"}],"predecessor-version":[{"id":796,"href":"https:\/\/mzrecords.eu\/index.php\/wp-json\/wp\/v2\/pages\/781\/revisions\/796"}],"wp:attachment":[{"href":"https:\/\/mzrecords.eu\/index.php\/wp-json\/wp\/v2\/media?parent=781"}],"curies":[{"name":"wp","href":"https:\/\/api.w.org\/{rel}","templated":true}]}}