{"id":884,"date":"2024-10-28T15:20:57","date_gmt":"2024-10-28T14:20:57","guid":{"rendered":"https:\/\/mzrecords.eu\/?page_id=884"},"modified":"2025-01-18T16:36:33","modified_gmt":"2025-01-18T15:36:33","slug":"mar-12-notes-en-marge-de-goemons","status":"publish","type":"page","link":"https:\/\/mzrecords.eu\/index.php\/mar-12-notes-en-marge-de-goemons\/","title":{"rendered":"MAR 12 Notes en marge de Go\u00e9mons"},"content":{"rendered":"\n<div class=\"wp-block-columns are-vertically-aligned-center is-layout-flex wp-container-core-columns-is-layout-9d6595d7 wp-block-columns-is-layout-flex\">\n<div class=\"wp-block-column is-layout-flow wp-block-column-is-layout-flow\">\n<figure class=\"wp-block-image size-large\"><img loading=\"lazy\" decoding=\"async\" width=\"1024\" height=\"938\" src=\"https:\/\/mzrecords.eu\/wp-content\/uploads\/2024\/12\/Notes-En-Marge-de-Goemons-Pochette-Face-1024x938.jpg\" alt=\"\" class=\"wp-image-917\" srcset=\"https:\/\/mzrecords.eu\/wp-content\/uploads\/2024\/12\/Notes-En-Marge-de-Goemons-Pochette-Face-1024x938.jpg 1024w, https:\/\/mzrecords.eu\/wp-content\/uploads\/2024\/12\/Notes-En-Marge-de-Goemons-Pochette-Face-300x275.jpg 300w, https:\/\/mzrecords.eu\/wp-content\/uploads\/2024\/12\/Notes-En-Marge-de-Goemons-Pochette-Face-768x703.jpg 768w, https:\/\/mzrecords.eu\/wp-content\/uploads\/2024\/12\/Notes-En-Marge-de-Goemons-Pochette-Face-1536x1407.jpg 1536w, https:\/\/mzrecords.eu\/wp-content\/uploads\/2024\/12\/Notes-En-Marge-de-Goemons-Pochette-Face.jpg 1651w\" sizes=\"auto, (max-width: 1024px) 100vw, 1024px\" \/><\/figure>\n<\/div>\n\n\n\n<div class=\"wp-block-column is-layout-flow wp-block-column-is-layout-flow\">\n<div class=\"wp-block-buttons is-layout-flex wp-block-buttons-is-layout-flex\">\n<div class=\"wp-block-button\"><a class=\"wp-block-button__link wp-element-button\" href=\"https:\/\/www.lesallumesdujazz.com\/e-boutique\/notes-en-marge-de-goemons\/bU9zWUYybHo3OGZyTitvOGJ3NkNjdz09\" target=\"_blank\" rel=\"noreferrer noopener\">Acheter l&rsquo;album sur le site des Allum\u00e9s du Jazz<\/a><\/div>\n<\/div>\n\n\n\n<p><\/p>\n\n\n\n<p><\/p>\n\n\n\n<div class=\"wp-block-buttons is-layout-flex wp-block-buttons-is-layout-flex\">\n<div class=\"wp-block-button\"><a class=\"wp-block-button__link wp-element-button\" href=\"https:\/\/mzrecords.bandcamp.com\/album\/notes-en-marge-de-go-mons\" target=\"_blank\" rel=\"noreferrer noopener\">Ecouter \/ Acheter sur Bandcamp<\/a><\/div>\n<\/div>\n\n\n\n<p><\/p>\n\n\n\n<p><\/p>\n\n\n\n<div class=\"wp-block-buttons is-layout-flex wp-block-buttons-is-layout-flex\">\n<div class=\"wp-block-button\"><a class=\"wp-block-button__link wp-element-button\" href=\"https:\/\/www.qobuz.com\/fr-fr\/album\/notes-en-marge-de-goemons-christofer-bjurstrom-vincent-raude-julien-pontvianne\/i7sn9w3uzcsbc\" target=\"_blank\" rel=\"noreferrer noopener\">Ecouter \/ Telecharger sur Quobuz<\/a><\/div>\n<\/div>\n\n\n\n<p><\/p>\n\n\n\n<p><\/p>\n\n\n\n<div class=\"wp-block-buttons is-layout-flex wp-block-buttons-is-layout-flex\">\n<div class=\"wp-block-button\"><a class=\"wp-block-button__link wp-element-button\" href=\"https:\/\/open.spotify.com\/intl-fr\/album\/2cYQye9gS8WpAphFtoE4nY\" target=\"_blank\" rel=\"noreferrer noopener\">Ecouter sur Spotify<\/a><\/div>\n<\/div>\n\n\n\n<p><\/p>\n\n\n\n<p><\/p>\n\n\n\n<div class=\"wp-block-buttons is-layout-flex wp-block-buttons-is-layout-flex\">\n<div class=\"wp-block-button\"><a class=\"wp-block-button__link wp-element-button\" href=\"https:\/\/music.apple.com\/fr\/album\/notes-en-marge-de-goemons\/1786958931\" target=\"_blank\" rel=\"noreferrer noopener\">Ecouter \/ Telecharger sur Apple Music<\/a><\/div>\n<\/div>\n<\/div>\n<\/div>\n\n\n\n<p><strong>Parution d\u00e9but janvier 2025 de \u00ab\u00a0Notes en Marge de Go\u00e9mons\u00a0\u00bb.<\/strong><\/p>\n\n\n\n<p>Musique compos\u00e9e par Christofer Bjurstr\u00f6m, Julien Pontvianne et Vincent Raude<\/p>\n\n\n\n<ul class=\"wp-block-list\">\n<li>Christofer Bjurstr\u00f6m: piano \/ fl\u00fbte<\/li>\n\n\n\n<li>Julien Pontvianne: clarinette \/ saxophone t\u00e9nor<\/li>\n\n\n\n<li>Vincent Raude: \u00e9lectronique, paysages sonores<\/li>\n<\/ul>\n\n\n\n<p>\u00ab&nbsp;Ces musiques sont n\u00e9es de notre immersion commune dans les images tourn\u00e9es par Yannick Bellon entre 1946 et 1948 sur B\u00e9niguet. Ces images d&rsquo;une jeune r\u00e9alisatrice attentive \u00e0 la r\u00e9alit\u00e9 de l&rsquo;humain, donnent \u00e0 voir des paysages ouverts, balay\u00e9s par la mer et le vent, en m\u00eame temps qu&rsquo;ils r\u00e9v\u00e8lent la fatigue des corps, les destins bloqu\u00e9s, l&rsquo;usure de l&rsquo;homme aux prises avec la duret\u00e9 de la vie et de la nature.&nbsp;<\/p>\n\n\n\n<p>Nous mettons ici en partage ces tableaux musicaux, d\u00e9tach\u00e9s des images, mais impr\u00e9gn\u00e9s de nos sensations, de nos impressions, et de notre fascination respectueuse envers la cin\u00e9aste et les hommes qu&rsquo;elle a film\u00e9s \u00bb<\/p>\n\n\n\n<p>enregistr\u00e9 en f\u00e9vrier 2024 \u00e0 Locmaria-Plouzan\u00e9 (29)<\/p>\n\n\n\n<p>mixage et mastering&nbsp;: Vincent Raude<\/p>\n\n\n\n<p>musiques compos\u00e9es pour le cin\u00e9-concert \u00ab&nbsp;En Marge de Go\u00ebmons&nbsp;\u00bb (montage par Eric Le Roy des images tourn\u00e9es par Yannick Bellon pour son documentaire \u00ab&nbsp;Go\u00ebmons&nbsp;\u00bb)<\/p>\n\n\n\n<p>photo&nbsp;: \u00a9 les films de l\u2019equinoxe \/ conception graphique&nbsp;pochette: Herv\u00e9 Log\u00e9at<\/p>\n\n\n\n<figure class=\"wp-block-embed is-type-rich is-provider-soundcloud wp-block-embed-soundcloud\"><div class=\"wp-block-embed__wrapper\">\n<iframe loading=\"lazy\" title=\"1 - Paysages by Christofer Bjurstr\u00f6m\" width=\"500\" height=\"400\" scrolling=\"no\" frameborder=\"no\" src=\"https:\/\/w.soundcloud.com\/player\/?visual=true&#038;url=https%3A%2F%2Fapi.soundcloud.com%2Ftracks%2F2009765219&#038;show_artwork=true&#038;maxheight=750&#038;maxwidth=500\"><\/iframe>\n<\/div><\/figure>\n\n\n\n<figure class=\"wp-block-embed is-type-rich is-provider-soundcloud wp-block-embed-soundcloud\"><div class=\"wp-block-embed__wrapper\">\n<iframe loading=\"lazy\" title=\"6 - Quotidien by Christofer Bjurstr\u00f6m\" width=\"500\" height=\"400\" scrolling=\"no\" frameborder=\"no\" src=\"https:\/\/w.soundcloud.com\/player\/?visual=true&#038;url=https%3A%2F%2Fapi.soundcloud.com%2Ftracks%2F2010412411&#038;show_artwork=true&#038;maxheight=750&#038;maxwidth=500\"><\/iframe>\n<\/div><\/figure>\n\n\n\n<h2 class=\"wp-block-heading\">L&rsquo;histoire derri\u00e8re la musique<\/h2>\n\n\n\n<p>Arriv\u00e9e \u00e0 Brest en juillet 1946, Yannick Bellon manque son bateau pour Ouessant et d\u00e9cide, avec son op\u00e9rateur de se rendre sur l\u2019\u00eele B\u00e9niguet, la premi\u00e8re de l\u2019archipel de Mol\u00e8ne, en face du Conquet. Elle y tourne le film \u00ab&nbsp;Go\u00ebmons&nbsp;\u00bb de 1946 \u00e0 1948, en plusieurs s\u00e9jours, en toute libert\u00e9 et sans autorisation.<\/p>\n\n\n\n<p>Par un heureux hasard, les plans tourn\u00e9s qui n\u2019avaient pas \u00e9t\u00e9 utilis\u00e9s dans le montage du documentaire n\u2019avaient pas \u00e9t\u00e9 d\u00e9truits par le laboratoire. Ces images in\u00e9dites non retenues pour la narration du documentaire nous r\u00e9v\u00e8lent un compl\u00e9ment de regard sur cette \u00eele, son paysage, ses habitants et le travail des go\u00e9moniers. La beaut\u00e9 de ces images et leur valeur patrimoniale ont incit\u00e9 Eric Le Roy \u00e0 proposer une nouvelle lecture de l\u2019aventure de Yannick Bellon avec ce montage intitul\u00e9 \u00ab En Marge de Go\u00ebmons \u00bb.<br>En \u00e9cho aux images, l\u2019\u00e9criture musicale de Christofer Bjurstr\u00f6m et de ses camarades pour ce cin\u00e9-concert joue sur le souffle et le silence. Port\u00e9e par un trio piano \/ instruments \u00e0 vent \/ \u00e9lectronique, elle fait \u00e9cho aux impressions et laisse la part belle aux m\u00e9lodies int\u00e9rieures.<br>L\u2019instrumentation int\u00e8gre aussi des sons naturels capt\u00e9s sur place entre Ouessant et B\u00e9niguet, \u00ab musicalis\u00e9s \u00bb par Vincent Raude. Ces sons cohabitent avec le souffle et les m\u00e9lodies compos\u00e9es par Christofer Bjurstr\u00f6m et par Julien Pontvianne, jou\u00e9es par Christofer aux fl\u00fbtes et au piano et par Julien au saxophone et \u00e0 la clarinette.<br>Ce cin\u00e9-concert s\u2019articule en une suite de morceaux, comme des tableaux musicaux refl\u00e9tant les diff\u00e9rentes parties du montage cin\u00e9matographique.<\/p>\n\n\n\n<p><\/p>\n","protected":false},"excerpt":{"rendered":"<p>Parution d\u00e9but janvier 2025 de \u00ab\u00a0Notes en Marge de Go\u00e9mons\u00a0\u00bb. Musique compos\u00e9e par Christofer Bjurstr\u00f6m, Julien Pontvianne et Vincent Raude \u00ab&nbsp;Ces musiques sont n\u00e9es de notre immersion commune dans les images tourn\u00e9es par Yannick Bellon entre 1946 et 1948 sur B\u00e9niguet. Ces images d&rsquo;une jeune r\u00e9alisatrice attentive \u00e0 la r\u00e9alit\u00e9 de l&rsquo;humain, donnent \u00e0 voir [&hellip;]<\/p>\n","protected":false},"author":1,"featured_media":0,"parent":0,"menu_order":0,"comment_status":"closed","ping_status":"closed","template":"","meta":{"footnotes":""},"class_list":["post-884","page","type-page","status-publish","hentry"],"_links":{"self":[{"href":"https:\/\/mzrecords.eu\/index.php\/wp-json\/wp\/v2\/pages\/884","targetHints":{"allow":["GET"]}}],"collection":[{"href":"https:\/\/mzrecords.eu\/index.php\/wp-json\/wp\/v2\/pages"}],"about":[{"href":"https:\/\/mzrecords.eu\/index.php\/wp-json\/wp\/v2\/types\/page"}],"author":[{"embeddable":true,"href":"https:\/\/mzrecords.eu\/index.php\/wp-json\/wp\/v2\/users\/1"}],"replies":[{"embeddable":true,"href":"https:\/\/mzrecords.eu\/index.php\/wp-json\/wp\/v2\/comments?post=884"}],"version-history":[{"count":12,"href":"https:\/\/mzrecords.eu\/index.php\/wp-json\/wp\/v2\/pages\/884\/revisions"}],"predecessor-version":[{"id":962,"href":"https:\/\/mzrecords.eu\/index.php\/wp-json\/wp\/v2\/pages\/884\/revisions\/962"}],"wp:attachment":[{"href":"https:\/\/mzrecords.eu\/index.php\/wp-json\/wp\/v2\/media?parent=884"}],"curies":[{"name":"wp","href":"https:\/\/api.w.org\/{rel}","templated":true}]}}